{"id":4031,"date":"2017-09-27T17:05:57","date_gmt":"2017-09-27T14:05:57","guid":{"rendered":"https:\/\/ananas.md\/?page_id=4031"},"modified":"2024-08-16T13:38:01","modified_gmt":"2024-08-16T10:38:01","slug":"compara","status":"publish","type":"page","link":"https:\/\/ananas.md\/ro\/compara\/","title":{"rendered":"Compar\u0103"},"content":{"rendered":"<div class=\"wpb-content-wrapper\"><p>[vc_row][vc_column]<div class=\"nasa-title clearfix hr-type-none text-center margin-bottom-30\"><h3 class=\"nasa-heading-title\"><span class=\"nasa-title-wrap\"><span style=\"background: #ffffff;\">Best selling<\/span><\/span><\/h3><\/div>            <div class=\"nasa-sc products woocommerce ns-type-list\">\r\n                <div class=\"product_list_widget nasa-after-clear\">\r\n    <ul class=\"large-block-grid-3 medium-block-grid-2 small-block-grid-1\">\r\n        <li class=\"item-product-widget wow fadeInUp\" data-wow-duration=\"1s\" data-wow-delay=\"0ms\">\r\n<div class=\"nasa-item-img\">\r\n    <a class=\"nasa-widget-img\" href=\"https:\/\/ananas.md\/ro\/gift\/o-cutie-de-ciocolata\/\" title=\"Ciocolate decorate\">\r\n        <img decoding=\"async\" width=\"84\" height=\"150\" src=\"https:\/\/ananas.md\/wp-content\/uploads\/2024\/08\/korobochka_shokolada_shokolad_s_dizajnom_90_gr_100_lej_9-84x150.jpg\" class=\"attachment-thumbnail size-thumbnail wvs-archive-product-image\" alt=\"Ciocolate decorate\" srcset=\"https:\/\/ananas.md\/wp-content\/uploads\/2024\/08\/korobochka_shokolada_shokolad_s_dizajnom_90_gr_100_lej_9-84x150.jpg 84w, https:\/\/ananas.md\/wp-content\/uploads\/2024\/08\/korobochka_shokolada_shokolad_s_dizajnom_90_gr_100_lej_9-595x1058.jpg 595w, https:\/\/ananas.md\/wp-content\/uploads\/2024\/08\/korobochka_shokolada_shokolad_s_dizajnom_90_gr_100_lej_9-169x300.jpg 169w, https:\/\/ananas.md\/wp-content\/uploads\/2024\/08\/korobochka_shokolada_shokolad_s_dizajnom_90_gr_100_lej_9-576x1024.jpg 576w, https:\/\/ananas.md\/wp-content\/uploads\/2024\/08\/korobochka_shokolada_shokolad_s_dizajnom_90_gr_100_lej_9-450x800.jpg 450w, https:\/\/ananas.md\/wp-content\/uploads\/2024\/08\/korobochka_shokolada_shokolad_s_dizajnom_90_gr_100_lej_9.jpg 720w\" sizes=\"(max-width: 84px) 100vw, 84px\" \/>    <\/a>\r\n    \r\n            <a href=\"javascript:void(0);\" class=\"quick-view btn-link quick-view-icon\" data-prod=\"4159\" data-product_type=\"simple\" title=\"Quick View\" data-href=\"https:\/\/ananas.md\/ro\/gift\/o-cutie-de-ciocolata\/\" rel=\"nofollow\">\r\n            <svg fill=\"currentColor\" width=\"18\" height=\"18\" viewBox=\"0 0 32 32\">\r\n                <path d=\"M11.202 4.271v-1.066h-7.997v7.997h1.066v-6.177l7.588 7.588 0.754-0.754-7.588-7.588z\"\/>\r\n                <path d=\"M20.798 3.205v1.066h6.177l-7.588 7.588 0.754 0.754 7.588-7.588v6.177h1.066v-7.997z\"\/>\r\n                <path d=\"M11.859 19.387l-7.588 7.588v-6.177h-1.066v7.997h7.997v-1.066h-6.177l7.588-7.588z\"\/>\r\n                <path d=\"M27.729 26.975l-7.588-7.588-0.754 0.754 7.588 7.588h-6.177v1.066h7.997v-7.997h-1.066z\"\/>\r\n            <\/svg>\r\n        <\/a>\r\n    <\/div>\r\n\r\n<div class=\"nasa-item-meta margin-left-20 rtl-margin-left-0 rtl-margin-right-20\">\r\n    <a class=\"product-title nasa-widget-title nasa-bold\" href=\"https:\/\/ananas.md\/ro\/gift\/o-cutie-de-ciocolata\/\" title=\"Ciocolate decorate\">\r\n        Ciocolate decorate    <\/a>\r\n\r\n    \r\n    <span class=\"price\">\r\n        <span class=\"woocommerce-Price-amount amount\"><bdi>100&nbsp;<span class=\"woocommerce-Price-currencySymbol\">MDL<\/span><\/bdi><\/span>    <\/span>\r\n<\/div>\r\n\r\n<\/li><li class=\"item-product-widget wow fadeInUp\" data-wow-duration=\"1s\" data-wow-delay=\"100ms\">\r\n<div class=\"nasa-item-img\">\r\n    <a class=\"nasa-widget-img\" href=\"https:\/\/ananas.md\/ro\/gift\/carte-de-vin\/\" title=\"Vin cu etichet\u0103 persoanlizat\u0103\">\r\n        <img decoding=\"async\" width=\"107\" height=\"150\" src=\"https:\/\/ananas.md\/wp-content\/uploads\/2024\/08\/vinnaya_otkrytka_butylka_vina_s_personalnym_dizajnom_1000_ml_500-107x150.jpg\" class=\"attachment-thumbnail size-thumbnail wvs-archive-product-image\" alt=\"Vin cu etichet\u0103 persoanlizat\u0103\" srcset=\"https:\/\/ananas.md\/wp-content\/uploads\/2024\/08\/vinnaya_otkrytka_butylka_vina_s_personalnym_dizajnom_1000_ml_500-107x150.jpg 107w, https:\/\/ananas.md\/wp-content\/uploads\/2024\/08\/vinnaya_otkrytka_butylka_vina_s_personalnym_dizajnom_1000_ml_500-900x1260.jpg 900w, https:\/\/ananas.md\/wp-content\/uploads\/2024\/08\/vinnaya_otkrytka_butylka_vina_s_personalnym_dizajnom_1000_ml_500-214x300.jpg 214w, https:\/\/ananas.md\/wp-content\/uploads\/2024\/08\/vinnaya_otkrytka_butylka_vina_s_personalnym_dizajnom_1000_ml_500-595x833.jpg 595w, https:\/\/ananas.md\/wp-content\/uploads\/2024\/08\/vinnaya_otkrytka_butylka_vina_s_personalnym_dizajnom_1000_ml_500-768x1076.jpg 768w, https:\/\/ananas.md\/wp-content\/uploads\/2024\/08\/vinnaya_otkrytka_butylka_vina_s_personalnym_dizajnom_1000_ml_500-450x630.jpg 450w, https:\/\/ananas.md\/wp-content\/uploads\/2024\/08\/vinnaya_otkrytka_butylka_vina_s_personalnym_dizajnom_1000_ml_500.jpg 914w\" sizes=\"(max-width: 107px) 100vw, 107px\" \/>    <\/a>\r\n    \r\n            <a href=\"javascript:void(0);\" class=\"quick-view btn-link quick-view-icon\" data-prod=\"4169\" data-product_type=\"simple\" title=\"Quick View\" data-href=\"https:\/\/ananas.md\/ro\/gift\/carte-de-vin\/\" rel=\"nofollow\">\r\n            <svg fill=\"currentColor\" width=\"18\" height=\"18\" viewBox=\"0 0 32 32\">\r\n                <path d=\"M11.202 4.271v-1.066h-7.997v7.997h1.066v-6.177l7.588 7.588 0.754-0.754-7.588-7.588z\"\/>\r\n                <path d=\"M20.798 3.205v1.066h6.177l-7.588 7.588 0.754 0.754 7.588-7.588v6.177h1.066v-7.997z\"\/>\r\n                <path d=\"M11.859 19.387l-7.588 7.588v-6.177h-1.066v7.997h7.997v-1.066h-6.177l7.588-7.588z\"\/>\r\n                <path d=\"M27.729 26.975l-7.588-7.588-0.754 0.754 7.588 7.588h-6.177v1.066h7.997v-7.997h-1.066z\"\/>\r\n            <\/svg>\r\n        <\/a>\r\n    <\/div>\r\n\r\n<div class=\"nasa-item-meta margin-left-20 rtl-margin-left-0 rtl-margin-right-20\">\r\n    <a class=\"product-title nasa-widget-title nasa-bold\" href=\"https:\/\/ananas.md\/ro\/gift\/carte-de-vin\/\" title=\"Vin cu etichet\u0103 persoanlizat\u0103\">\r\n        Vin cu etichet\u0103 persoanlizat\u0103    <\/a>\r\n\r\n    \r\n    <span class=\"price\">\r\n        <span class=\"woocommerce-Price-amount amount\"><bdi>300&nbsp;<span class=\"woocommerce-Price-currencySymbol\">MDL<\/span><\/bdi><\/span>    <\/span>\r\n<\/div>\r\n\r\n<\/li><li class=\"item-product-widget wow fadeInUp\" data-wow-duration=\"1s\" data-wow-delay=\"200ms\">\r\n<div class=\"nasa-item-img\">\r\n    <a class=\"nasa-widget-img\" href=\"https:\/\/ananas.md\/ro\/gift\/perna-imprimata-personalizata\/\" title=\"Pern\u0103 imprimat\u0103 personalizat\u0103\">\r\n        <img decoding=\"async\" width=\"129\" height=\"150\" src=\"https:\/\/ananas.md\/wp-content\/uploads\/2024\/08\/podushka_podushka_s_personalnoj_pechatyu_40\u00d740_sm_300_lej_24-129x150.jpg\" class=\"attachment-thumbnail size-thumbnail wvs-archive-product-image\" alt=\"Pern\u0103 imprimat\u0103 personalizat\u0103\" srcset=\"https:\/\/ananas.md\/wp-content\/uploads\/2024\/08\/podushka_podushka_s_personalnoj_pechatyu_40\u00d740_sm_300_lej_24-129x150.jpg 129w, https:\/\/ananas.md\/wp-content\/uploads\/2024\/08\/podushka_podushka_s_personalnoj_pechatyu_40\u00d740_sm_300_lej_24-900x1045.jpg 900w, https:\/\/ananas.md\/wp-content\/uploads\/2024\/08\/podushka_podushka_s_personalnoj_pechatyu_40\u00d740_sm_300_lej_24-258x300.jpg 258w, https:\/\/ananas.md\/wp-content\/uploads\/2024\/08\/podushka_podushka_s_personalnoj_pechatyu_40\u00d740_sm_300_lej_24-595x691.jpg 595w, https:\/\/ananas.md\/wp-content\/uploads\/2024\/08\/podushka_podushka_s_personalnoj_pechatyu_40\u00d740_sm_300_lej_24-768x892.jpg 768w, https:\/\/ananas.md\/wp-content\/uploads\/2024\/08\/podushka_podushka_s_personalnoj_pechatyu_40\u00d740_sm_300_lej_24-450x523.jpg 450w, https:\/\/ananas.md\/wp-content\/uploads\/2024\/08\/podushka_podushka_s_personalnoj_pechatyu_40\u00d740_sm_300_lej_24.jpg 1102w\" sizes=\"(max-width: 129px) 100vw, 129px\" \/>    <\/a>\r\n    \r\n            <a href=\"javascript:void(0);\" class=\"quick-view btn-link quick-view-icon\" data-prod=\"4171\" data-product_type=\"simple\" title=\"Quick View\" data-href=\"https:\/\/ananas.md\/ro\/gift\/perna-imprimata-personalizata\/\" rel=\"nofollow\">\r\n            <svg fill=\"currentColor\" width=\"18\" height=\"18\" viewBox=\"0 0 32 32\">\r\n                <path d=\"M11.202 4.271v-1.066h-7.997v7.997h1.066v-6.177l7.588 7.588 0.754-0.754-7.588-7.588z\"\/>\r\n                <path d=\"M20.798 3.205v1.066h6.177l-7.588 7.588 0.754 0.754 7.588-7.588v6.177h1.066v-7.997z\"\/>\r\n                <path d=\"M11.859 19.387l-7.588 7.588v-6.177h-1.066v7.997h7.997v-1.066h-6.177l7.588-7.588z\"\/>\r\n                <path d=\"M27.729 26.975l-7.588-7.588-0.754 0.754 7.588 7.588h-6.177v1.066h7.997v-7.997h-1.066z\"\/>\r\n            <\/svg>\r\n        <\/a>\r\n    <\/div>\r\n\r\n<div class=\"nasa-item-meta margin-left-20 rtl-margin-left-0 rtl-margin-right-20\">\r\n    <a class=\"product-title nasa-widget-title nasa-bold\" href=\"https:\/\/ananas.md\/ro\/gift\/perna-imprimata-personalizata\/\" title=\"Pern\u0103 imprimat\u0103 personalizat\u0103\">\r\n        Pern\u0103 imprimat\u0103 personalizat\u0103    <\/a>\r\n\r\n    \r\n    <span class=\"price\">\r\n        <span class=\"woocommerce-Price-amount amount\"><bdi>300&nbsp;<span class=\"woocommerce-Price-currencySymbol\">MDL<\/span><\/bdi><\/span>    <\/span>\r\n<\/div>\r\n\r\n<\/li><li class=\"item-product-widget wow fadeInUp\" data-wow-duration=\"1s\" data-wow-delay=\"300ms\">\r\n<div class=\"nasa-item-img\">\r\n    <a class=\"nasa-widget-img\" href=\"https:\/\/ananas.md\/ro\/gift\/carton-de-ciocolata-pentru-un-frizer-tare\/\" title=\"Carton de ciocolat\u0103 \u201ePentru un frizer tare!\u201d\">\r\n        <img decoding=\"async\" width=\"113\" height=\"150\" src=\"https:\/\/ananas.md\/wp-content\/uploads\/2024\/10\/64-113x150.png\" class=\"attachment-thumbnail size-thumbnail wvs-archive-product-image\" alt=\"Carton de ciocolat\u0103 \u201ePentru un frizer tare!\u201d\" srcset=\"https:\/\/ananas.md\/wp-content\/uploads\/2024\/10\/64-113x150.png 113w, https:\/\/ananas.md\/wp-content\/uploads\/2024\/10\/64-225x300.png 225w, https:\/\/ananas.md\/wp-content\/uploads\/2024\/10\/64-595x793.png 595w, https:\/\/ananas.md\/wp-content\/uploads\/2024\/10\/64-768x1024.png 768w, https:\/\/ananas.md\/wp-content\/uploads\/2024\/10\/64-450x600.png 450w, https:\/\/ananas.md\/wp-content\/uploads\/2024\/10\/64-900x1200.png 900w, https:\/\/ananas.md\/wp-content\/uploads\/2024\/10\/64.png 960w\" sizes=\"(max-width: 113px) 100vw, 113px\" \/>    <\/a>\r\n    \r\n            <a href=\"javascript:void(0);\" class=\"quick-view btn-link quick-view-icon\" data-prod=\"4826\" data-product_type=\"simple\" title=\"Quick View\" data-href=\"https:\/\/ananas.md\/ro\/gift\/carton-de-ciocolata-pentru-un-frizer-tare\/\" rel=\"nofollow\">\r\n            <svg fill=\"currentColor\" width=\"18\" height=\"18\" viewBox=\"0 0 32 32\">\r\n                <path d=\"M11.202 4.271v-1.066h-7.997v7.997h1.066v-6.177l7.588 7.588 0.754-0.754-7.588-7.588z\"\/>\r\n                <path d=\"M20.798 3.205v1.066h6.177l-7.588 7.588 0.754 0.754 7.588-7.588v6.177h1.066v-7.997z\"\/>\r\n                <path d=\"M11.859 19.387l-7.588 7.588v-6.177h-1.066v7.997h7.997v-1.066h-6.177l7.588-7.588z\"\/>\r\n                <path d=\"M27.729 26.975l-7.588-7.588-0.754 0.754 7.588 7.588h-6.177v1.066h7.997v-7.997h-1.066z\"\/>\r\n            <\/svg>\r\n        <\/a>\r\n    <\/div>\r\n\r\n<div class=\"nasa-item-meta margin-left-20 rtl-margin-left-0 rtl-margin-right-20\">\r\n    <a class=\"product-title nasa-widget-title nasa-bold\" href=\"https:\/\/ananas.md\/ro\/gift\/carton-de-ciocolata-pentru-un-frizer-tare\/\" title=\"Carton de ciocolat\u0103 \u201ePentru un frizer tare!\u201d\">\r\n        Carton de ciocolat\u0103 \u201ePentru un frizer tare!\u201d    <\/a>\r\n\r\n    \r\n    <span class=\"price\">\r\n        <span class=\"woocommerce-Price-amount amount\"><bdi>50&nbsp;<span class=\"woocommerce-Price-currencySymbol\">MDL<\/span><\/bdi><\/span>    <\/span>\r\n<\/div>\r\n\r\n<\/li><li class=\"item-product-widget wow fadeInUp\" data-wow-duration=\"1s\" data-wow-delay=\"400ms\">\r\n<div class=\"nasa-item-img\">\r\n    <a class=\"nasa-widget-img\" href=\"https:\/\/ananas.md\/ro\/gift\/felicitare-cu-ciocolata-pentru-profesor\/\" title=\"Felicitare cu ciocolat\u0103 pentru profesor\">\r\n        <img decoding=\"async\" width=\"113\" height=\"150\" src=\"https:\/\/ananas.md\/wp-content\/uploads\/2024\/10\/1696068805779-113x150.jpg\" class=\"attachment-thumbnail size-thumbnail wvs-archive-product-image\" alt=\"Felicitare cu ciocolat\u0103 pentru profesor\" srcset=\"https:\/\/ananas.md\/wp-content\/uploads\/2024\/10\/1696068805779-113x150.jpg 113w, https:\/\/ananas.md\/wp-content\/uploads\/2024\/10\/1696068805779-225x300.jpg 225w, https:\/\/ananas.md\/wp-content\/uploads\/2024\/10\/1696068805779-595x793.jpg 595w, https:\/\/ananas.md\/wp-content\/uploads\/2024\/10\/1696068805779-768x1024.jpg 768w, https:\/\/ananas.md\/wp-content\/uploads\/2024\/10\/1696068805779-1152x1536.jpg 1152w, https:\/\/ananas.md\/wp-content\/uploads\/2024\/10\/1696068805779-1536x2048.jpg 1536w, https:\/\/ananas.md\/wp-content\/uploads\/2024\/10\/1696068805779-450x600.jpg 450w, https:\/\/ananas.md\/wp-content\/uploads\/2024\/10\/1696068805779-900x1200.jpg 900w, https:\/\/ananas.md\/wp-content\/uploads\/2024\/10\/1696068805779.jpg 1440w\" sizes=\"(max-width: 113px) 100vw, 113px\" \/>    <\/a>\r\n    \r\n            <a href=\"javascript:void(0);\" class=\"quick-view btn-link quick-view-icon\" data-prod=\"4961\" data-product_type=\"simple\" title=\"Quick View\" data-href=\"https:\/\/ananas.md\/ro\/gift\/felicitare-cu-ciocolata-pentru-profesor\/\" rel=\"nofollow\">\r\n            <svg fill=\"currentColor\" width=\"18\" height=\"18\" viewBox=\"0 0 32 32\">\r\n                <path d=\"M11.202 4.271v-1.066h-7.997v7.997h1.066v-6.177l7.588 7.588 0.754-0.754-7.588-7.588z\"\/>\r\n                <path d=\"M20.798 3.205v1.066h6.177l-7.588 7.588 0.754 0.754 7.588-7.588v6.177h1.066v-7.997z\"\/>\r\n                <path d=\"M11.859 19.387l-7.588 7.588v-6.177h-1.066v7.997h7.997v-1.066h-6.177l7.588-7.588z\"\/>\r\n                <path d=\"M27.729 26.975l-7.588-7.588-0.754 0.754 7.588 7.588h-6.177v1.066h7.997v-7.997h-1.066z\"\/>\r\n            <\/svg>\r\n        <\/a>\r\n    <\/div>\r\n\r\n<div class=\"nasa-item-meta margin-left-20 rtl-margin-left-0 rtl-margin-right-20\">\r\n    <a class=\"product-title nasa-widget-title nasa-bold\" href=\"https:\/\/ananas.md\/ro\/gift\/felicitare-cu-ciocolata-pentru-profesor\/\" title=\"Felicitare cu ciocolat\u0103 pentru profesor\">\r\n        Felicitare cu ciocolat\u0103 pentru profesor    <\/a>\r\n\r\n    \r\n    <span class=\"price\">\r\n        <span class=\"woocommerce-Price-amount amount\"><bdi>50&nbsp;<span class=\"woocommerce-Price-currencySymbol\">MDL<\/span><\/bdi><\/span>    <\/span>\r\n<\/div>\r\n\r\n<\/li><li class=\"item-product-widget wow fadeInUp\" data-wow-duration=\"1s\" data-wow-delay=\"500ms\">\r\n<div class=\"nasa-item-img\">\r\n    <a class=\"nasa-widget-img\" href=\"https:\/\/ananas.md\/ro\/gift\/cana-cu-imprimare-cel-mai-bun-nas-din-lume\/\" title=\"Cana cu imprimare &quot;Cel mai bun na\u015f din lume&quot;\">\r\n        <img decoding=\"async\" width=\"113\" height=\"150\" src=\"https:\/\/ananas.md\/wp-content\/uploads\/2024\/10\/7_20241007_155056_0003-113x150.jpg\" class=\"attachment-thumbnail size-thumbnail wvs-archive-product-image\" alt=\"Cana cu imprimare &quot;Cel mai bun na\u015f din lume&quot;\" srcset=\"https:\/\/ananas.md\/wp-content\/uploads\/2024\/10\/7_20241007_155056_0003-113x150.jpg 113w, https:\/\/ananas.md\/wp-content\/uploads\/2024\/10\/7_20241007_155056_0003-225x300.jpg 225w, https:\/\/ananas.md\/wp-content\/uploads\/2024\/10\/7_20241007_155056_0003-595x793.jpg 595w, https:\/\/ananas.md\/wp-content\/uploads\/2024\/10\/7_20241007_155056_0003-768x1024.jpg 768w, https:\/\/ananas.md\/wp-content\/uploads\/2024\/10\/7_20241007_155056_0003-450x600.jpg 450w, https:\/\/ananas.md\/wp-content\/uploads\/2024\/10\/7_20241007_155056_0003-900x1200.jpg 900w, https:\/\/ananas.md\/wp-content\/uploads\/2024\/10\/7_20241007_155056_0003.jpg 960w\" sizes=\"(max-width: 113px) 100vw, 113px\" \/>    <\/a>\r\n    \r\n            <a href=\"javascript:void(0);\" class=\"quick-view btn-link quick-view-icon\" data-prod=\"5109\" data-product_type=\"simple\" title=\"Quick View\" data-href=\"https:\/\/ananas.md\/ro\/gift\/cana-cu-imprimare-cel-mai-bun-nas-din-lume\/\" rel=\"nofollow\">\r\n            <svg fill=\"currentColor\" width=\"18\" height=\"18\" viewBox=\"0 0 32 32\">\r\n                <path d=\"M11.202 4.271v-1.066h-7.997v7.997h1.066v-6.177l7.588 7.588 0.754-0.754-7.588-7.588z\"\/>\r\n                <path d=\"M20.798 3.205v1.066h6.177l-7.588 7.588 0.754 0.754 7.588-7.588v6.177h1.066v-7.997z\"\/>\r\n                <path d=\"M11.859 19.387l-7.588 7.588v-6.177h-1.066v7.997h7.997v-1.066h-6.177l7.588-7.588z\"\/>\r\n                <path d=\"M27.729 26.975l-7.588-7.588-0.754 0.754 7.588 7.588h-6.177v1.066h7.997v-7.997h-1.066z\"\/>\r\n            <\/svg>\r\n        <\/a>\r\n    <\/div>\r\n\r\n<div class=\"nasa-item-meta margin-left-20 rtl-margin-left-0 rtl-margin-right-20\">\r\n    <a class=\"product-title nasa-widget-title nasa-bold\" href=\"https:\/\/ananas.md\/ro\/gift\/cana-cu-imprimare-cel-mai-bun-nas-din-lume\/\" title=\"Cana cu imprimare &quot;Cel mai bun na\u015f din lume&quot;\">\r\n        Cana cu imprimare \"Cel mai bun na\u015f din lume\"    <\/a>\r\n\r\n    \r\n    <span class=\"price\">\r\n        <span class=\"woocommerce-Price-amount amount\"><bdi>150&nbsp;<span class=\"woocommerce-Price-currencySymbol\">MDL<\/span><\/bdi><\/span>    <\/span>\r\n<\/div>\r\n\r\n<\/li><li class=\"item-product-widget wow fadeInUp\" data-wow-duration=\"1s\" data-wow-delay=\"600ms\">\r\n<div class=\"nasa-item-img\">\r\n    <a class=\"nasa-widget-img\" href=\"https:\/\/ananas.md\/ro\/gift\/ciocolata-sub-forma-de-felicitare-bunicul-visurilor\/\" title=\"Ciocolat\u0103 sub form\u0103 de felicitare &quot;Bunicul visurilor&quot;\">\r\n        <img decoding=\"async\" width=\"113\" height=\"150\" src=\"https:\/\/ananas.md\/wp-content\/uploads\/2024\/10\/45-113x150.jpg\" class=\"attachment-thumbnail size-thumbnail wvs-archive-product-image\" alt=\"Ciocolat\u0103 sub form\u0103 de felicitare &quot;Bunicul visurilor&quot;\" srcset=\"https:\/\/ananas.md\/wp-content\/uploads\/2024\/10\/45-113x150.jpg 113w, https:\/\/ananas.md\/wp-content\/uploads\/2024\/10\/45-225x300.jpg 225w, https:\/\/ananas.md\/wp-content\/uploads\/2024\/10\/45-595x793.jpg 595w, https:\/\/ananas.md\/wp-content\/uploads\/2024\/10\/45-768x1024.jpg 768w, https:\/\/ananas.md\/wp-content\/uploads\/2024\/10\/45-450x600.jpg 450w, https:\/\/ananas.md\/wp-content\/uploads\/2024\/10\/45-900x1200.jpg 900w, https:\/\/ananas.md\/wp-content\/uploads\/2024\/10\/45.jpg 960w\" sizes=\"(max-width: 113px) 100vw, 113px\" \/>    <\/a>\r\n    \r\n            <a href=\"javascript:void(0);\" class=\"quick-view btn-link quick-view-icon\" data-prod=\"5291\" data-product_type=\"simple\" title=\"Quick View\" data-href=\"https:\/\/ananas.md\/ro\/gift\/ciocolata-sub-forma-de-felicitare-bunicul-visurilor\/\" rel=\"nofollow\">\r\n            <svg fill=\"currentColor\" width=\"18\" height=\"18\" viewBox=\"0 0 32 32\">\r\n                <path d=\"M11.202 4.271v-1.066h-7.997v7.997h1.066v-6.177l7.588 7.588 0.754-0.754-7.588-7.588z\"\/>\r\n                <path d=\"M20.798 3.205v1.066h6.177l-7.588 7.588 0.754 0.754 7.588-7.588v6.177h1.066v-7.997z\"\/>\r\n                <path d=\"M11.859 19.387l-7.588 7.588v-6.177h-1.066v7.997h7.997v-1.066h-6.177l7.588-7.588z\"\/>\r\n                <path d=\"M27.729 26.975l-7.588-7.588-0.754 0.754 7.588 7.588h-6.177v1.066h7.997v-7.997h-1.066z\"\/>\r\n            <\/svg>\r\n        <\/a>\r\n    <\/div>\r\n\r\n<div class=\"nasa-item-meta margin-left-20 rtl-margin-left-0 rtl-margin-right-20\">\r\n    <a class=\"product-title nasa-widget-title nasa-bold\" href=\"https:\/\/ananas.md\/ro\/gift\/ciocolata-sub-forma-de-felicitare-bunicul-visurilor\/\" title=\"Ciocolat\u0103 sub form\u0103 de felicitare &quot;Bunicul visurilor&quot;\">\r\n        Ciocolat\u0103 sub form\u0103 de felicitare \"Bunicul visurilor\"    <\/a>\r\n\r\n    \r\n    <span class=\"price\">\r\n        <span class=\"woocommerce-Price-amount amount\"><bdi>50&nbsp;<span class=\"woocommerce-Price-currencySymbol\">MDL<\/span><\/bdi><\/span>    <\/span>\r\n<\/div>\r\n\r\n<\/li><li class=\"item-product-widget wow fadeInUp\" data-wow-duration=\"1s\" data-wow-delay=\"700ms\">\r\n<div class=\"nasa-item-img\">\r\n    <a class=\"nasa-widget-img\" href=\"https:\/\/ananas.md\/ro\/gift\/cana-personalizata-din-cana-asta-bea-doar-nasu-bogatasu\/\" title=\"Cana personalizat\u0103 &quot;Din cana asta bea doar Na\u0219u bog\u0103ta\u0219u&quot;.\">\r\n        <img decoding=\"async\" width=\"113\" height=\"150\" src=\"https:\/\/ananas.md\/wp-content\/uploads\/2024\/10\/9_20241007_155056_0005-113x150.jpg\" class=\"attachment-thumbnail size-thumbnail wvs-archive-product-image\" alt=\"Cana personalizat\u0103 &quot;Din cana asta bea doar Na\u0219u bog\u0103ta\u0219u&quot;.\" srcset=\"https:\/\/ananas.md\/wp-content\/uploads\/2024\/10\/9_20241007_155056_0005-113x150.jpg 113w, https:\/\/ananas.md\/wp-content\/uploads\/2024\/10\/9_20241007_155056_0005-225x300.jpg 225w, https:\/\/ananas.md\/wp-content\/uploads\/2024\/10\/9_20241007_155056_0005-595x793.jpg 595w, https:\/\/ananas.md\/wp-content\/uploads\/2024\/10\/9_20241007_155056_0005-768x1024.jpg 768w, https:\/\/ananas.md\/wp-content\/uploads\/2024\/10\/9_20241007_155056_0005-450x600.jpg 450w, https:\/\/ananas.md\/wp-content\/uploads\/2024\/10\/9_20241007_155056_0005-900x1200.jpg 900w, https:\/\/ananas.md\/wp-content\/uploads\/2024\/10\/9_20241007_155056_0005.jpg 960w\" sizes=\"(max-width: 113px) 100vw, 113px\" \/>    <\/a>\r\n    \r\n            <a href=\"javascript:void(0);\" class=\"quick-view btn-link quick-view-icon\" data-prod=\"5448\" data-product_type=\"simple\" title=\"Quick View\" data-href=\"https:\/\/ananas.md\/ro\/gift\/cana-personalizata-din-cana-asta-bea-doar-nasu-bogatasu\/\" rel=\"nofollow\">\r\n            <svg fill=\"currentColor\" width=\"18\" height=\"18\" viewBox=\"0 0 32 32\">\r\n                <path d=\"M11.202 4.271v-1.066h-7.997v7.997h1.066v-6.177l7.588 7.588 0.754-0.754-7.588-7.588z\"\/>\r\n                <path d=\"M20.798 3.205v1.066h6.177l-7.588 7.588 0.754 0.754 7.588-7.588v6.177h1.066v-7.997z\"\/>\r\n                <path d=\"M11.859 19.387l-7.588 7.588v-6.177h-1.066v7.997h7.997v-1.066h-6.177l7.588-7.588z\"\/>\r\n                <path d=\"M27.729 26.975l-7.588-7.588-0.754 0.754 7.588 7.588h-6.177v1.066h7.997v-7.997h-1.066z\"\/>\r\n            <\/svg>\r\n        <\/a>\r\n    <\/div>\r\n\r\n<div class=\"nasa-item-meta margin-left-20 rtl-margin-left-0 rtl-margin-right-20\">\r\n    <a class=\"product-title nasa-widget-title nasa-bold\" href=\"https:\/\/ananas.md\/ro\/gift\/cana-personalizata-din-cana-asta-bea-doar-nasu-bogatasu\/\" title=\"Cana personalizat\u0103 &quot;Din cana asta bea doar Na\u0219u bog\u0103ta\u0219u&quot;.\">\r\n        Cana personalizat\u0103 \"Din cana asta bea doar Na\u0219u bog\u0103ta\u0219u\".    <\/a>\r\n\r\n    \r\n    <span class=\"price\">\r\n        <span class=\"woocommerce-Price-amount amount\"><bdi>150&nbsp;<span class=\"woocommerce-Price-currencySymbol\">MDL<\/span><\/bdi><\/span>    <\/span>\r\n<\/div>\r\n\r\n<\/li><li class=\"item-product-widget wow fadeInUp\" data-wow-duration=\"1s\" data-wow-delay=\"800ms\">\r\n<div class=\"nasa-item-img\">\r\n    <a class=\"nasa-widget-img\" href=\"https:\/\/ananas.md\/ro\/gift\/cana-personalizata-craciun-fericit-tata\/\" title=\"Cana personalizat\u0103 &quot;Cr\u0103ciun fericit, TAT\u0102!&quot;.\">\r\n        <img decoding=\"async\" width=\"113\" height=\"150\" src=\"https:\/\/ananas.md\/wp-content\/uploads\/2024\/10\/26_20241007_152519_0022-113x150.jpg\" class=\"attachment-thumbnail size-thumbnail wvs-archive-product-image\" alt=\"Cana personalizat\u0103 &quot;Cr\u0103ciun fericit, TAT\u0102!&quot;.\" srcset=\"https:\/\/ananas.md\/wp-content\/uploads\/2024\/10\/26_20241007_152519_0022-113x150.jpg 113w, https:\/\/ananas.md\/wp-content\/uploads\/2024\/10\/26_20241007_152519_0022-225x300.jpg 225w, https:\/\/ananas.md\/wp-content\/uploads\/2024\/10\/26_20241007_152519_0022.jpg 240w\" sizes=\"(max-width: 113px) 100vw, 113px\" \/>    <\/a>\r\n    \r\n            <a href=\"javascript:void(0);\" class=\"quick-view btn-link quick-view-icon\" data-prod=\"5591\" data-product_type=\"simple\" title=\"Quick View\" data-href=\"https:\/\/ananas.md\/ro\/gift\/cana-personalizata-craciun-fericit-tata\/\" rel=\"nofollow\">\r\n            <svg fill=\"currentColor\" width=\"18\" height=\"18\" viewBox=\"0 0 32 32\">\r\n                <path d=\"M11.202 4.271v-1.066h-7.997v7.997h1.066v-6.177l7.588 7.588 0.754-0.754-7.588-7.588z\"\/>\r\n                <path d=\"M20.798 3.205v1.066h6.177l-7.588 7.588 0.754 0.754 7.588-7.588v6.177h1.066v-7.997z\"\/>\r\n                <path d=\"M11.859 19.387l-7.588 7.588v-6.177h-1.066v7.997h7.997v-1.066h-6.177l7.588-7.588z\"\/>\r\n                <path d=\"M27.729 26.975l-7.588-7.588-0.754 0.754 7.588 7.588h-6.177v1.066h7.997v-7.997h-1.066z\"\/>\r\n            <\/svg>\r\n        <\/a>\r\n    <\/div>\r\n\r\n<div class=\"nasa-item-meta margin-left-20 rtl-margin-left-0 rtl-margin-right-20\">\r\n    <a class=\"product-title nasa-widget-title nasa-bold\" href=\"https:\/\/ananas.md\/ro\/gift\/cana-personalizata-craciun-fericit-tata\/\" title=\"Cana personalizat\u0103 &quot;Cr\u0103ciun fericit, TAT\u0102!&quot;.\">\r\n        Cana personalizat\u0103 \"Cr\u0103ciun fericit, TAT\u0102!\".    <\/a>\r\n\r\n    \r\n    <span class=\"price\">\r\n        <span class=\"woocommerce-Price-amount amount\"><bdi>150&nbsp;<span class=\"woocommerce-Price-currencySymbol\">MDL<\/span><\/bdi><\/span>    <\/span>\r\n<\/div>\r\n\r\n<\/li>    <\/ul>\r\n<\/div>\r\n            <\/div>\r\n            [vc_empty_space][\/vc_column][\/vc_row]<\/p>\n<\/div>","protected":false},"excerpt":{"rendered":"<p>[vc_row][vc_column][vc_empty_space][\/vc_column][\/vc_row]<\/p>\n","protected":false},"author":1,"featured_media":0,"parent":0,"menu_order":0,"comment_status":"closed","ping_status":"closed","template":"page-view-compare.php","meta":{"_acf_changed":false,"footnotes":""},"class_list":["post-4031","page","type-page","status-publish","hentry"],"acf":[],"aioseo_notices":[],"_links":{"self":[{"href":"https:\/\/ananas.md\/ro\/wp-json\/wp\/v2\/pages\/4031","targetHints":{"allow":["GET"]}}],"collection":[{"href":"https:\/\/ananas.md\/ro\/wp-json\/wp\/v2\/pages"}],"about":[{"href":"https:\/\/ananas.md\/ro\/wp-json\/wp\/v2\/types\/page"}],"author":[{"embeddable":true,"href":"https:\/\/ananas.md\/ro\/wp-json\/wp\/v2\/users\/1"}],"replies":[{"embeddable":true,"href":"https:\/\/ananas.md\/ro\/wp-json\/wp\/v2\/comments?post=4031"}],"version-history":[{"count":2,"href":"https:\/\/ananas.md\/ro\/wp-json\/wp\/v2\/pages\/4031\/revisions"}],"predecessor-version":[{"id":4044,"href":"https:\/\/ananas.md\/ro\/wp-json\/wp\/v2\/pages\/4031\/revisions\/4044"}],"wp:attachment":[{"href":"https:\/\/ananas.md\/ro\/wp-json\/wp\/v2\/media?parent=4031"}],"curies":[{"name":"wp","href":"https:\/\/api.w.org\/{rel}","templated":true}]}}