{"id":4095,"date":"2024-08-11T18:44:16","date_gmt":"2024-08-11T15:44:16","guid":{"rendered":"https:\/\/ananas.md\/?post_type=product&#038;p=4095"},"modified":"2025-05-08T16:15:11","modified_gmt":"2025-05-08T13:15:11","slug":"ploaie-de-folie-pentru-o-zona-foto-acasa","status":"publish","type":"product","link":"https:\/\/ananas.md\/ro\/gift\/ploaie-de-folie-pentru-o-zona-foto-acasa\/","title":{"rendered":"Ploaie de folie pentru o zon\u0103 foto acas\u0103"},"content":{"rendered":"<p>Ploaie de folie pentru o zon\u0103 foto acas\u0103<\/p>\n<p>1*2m<\/p>\n","protected":false},"excerpt":{"rendered":"<p>Ploaie de folie pentru o zon\u0103 foto acas\u0103<\/p>\n","protected":false},"featured_media":4096,"template":"","meta":{"_acf_changed":false},"product_brand":[],"product_cat":[941,240],"product_tag":[414,445],"class_list":{"0":"post-4095","1":"product","2":"type-product","3":"status-publish","4":"has-post-thumbnail","6":"product_cat-cortina-de-ploaie","7":"product_cat-aksessuary-dlya-prazdnikov","8":"product_tag-ploaie","9":"product_tag-zona-foto","11":"first","12":"instock","13":"shipping-taxable","14":"purchasable","15":"product-type-simple"},"acf":[],"aioseo_notices":[],"_links":{"self":[{"href":"https:\/\/ananas.md\/ro\/wp-json\/wp\/v2\/product\/4095","targetHints":{"allow":["GET"]}}],"collection":[{"href":"https:\/\/ananas.md\/ro\/wp-json\/wp\/v2\/product"}],"about":[{"href":"https:\/\/ananas.md\/ro\/wp-json\/wp\/v2\/types\/product"}],"wp:featuredmedia":[{"embeddable":true,"href":"https:\/\/ananas.md\/ro\/wp-json\/wp\/v2\/media\/4096"}],"wp:attachment":[{"href":"https:\/\/ananas.md\/ro\/wp-json\/wp\/v2\/media?parent=4095"}],"wp:term":[{"taxonomy":"product_brand","embeddable":true,"href":"https:\/\/ananas.md\/ro\/wp-json\/wp\/v2\/product_brand?post=4095"},{"taxonomy":"product_cat","embeddable":true,"href":"https:\/\/ananas.md\/ro\/wp-json\/wp\/v2\/product_cat?post=4095"},{"taxonomy":"product_tag","embeddable":true,"href":"https:\/\/ananas.md\/ro\/wp-json\/wp\/v2\/product_tag?post=4095"}],"curies":[{"name":"wp","href":"https:\/\/api.w.org\/{rel}","templated":true}]}}