{"id":4101,"date":"2024-08-11T18:29:46","date_gmt":"2024-08-11T15:29:46","guid":{"rendered":"https:\/\/ananas.md\/?post_type=product&#038;p=4101"},"modified":"2025-05-08T15:52:08","modified_gmt":"2025-05-08T12:52:08","slug":"un-set-de-lumanari-festive-pentru-tort-2","status":"publish","type":"product","link":"https:\/\/ananas.md\/ro\/gift\/un-set-de-lumanari-festive-pentru-tort-2\/","title":{"rendered":"Un set de lum\u00e2n\u0103ri festive pentru tort"},"content":{"rendered":"<p>Un set de lum\u00e2n\u0103ri festive pentru tort<\/p>\n","protected":false},"excerpt":{"rendered":"<p>Un set de lum\u00e2n\u0103ri festive pentru tort<\/p>\n","protected":false},"featured_media":4102,"template":"","meta":{"_acf_changed":false},"product_brand":[],"product_cat":[911,240],"product_tag":[438],"class_list":{"0":"post-4101","1":"product","2":"type-product","3":"status-publish","4":"has-post-thumbnail","6":"product_cat-lumanari","7":"product_cat-aksessuary-dlya-prazdnikov","8":"product_tag-lumanari","10":"first","11":"instock","12":"shipping-taxable","13":"purchasable","14":"product-type-simple"},"acf":[],"aioseo_notices":[],"_links":{"self":[{"href":"https:\/\/ananas.md\/ro\/wp-json\/wp\/v2\/product\/4101","targetHints":{"allow":["GET"]}}],"collection":[{"href":"https:\/\/ananas.md\/ro\/wp-json\/wp\/v2\/product"}],"about":[{"href":"https:\/\/ananas.md\/ro\/wp-json\/wp\/v2\/types\/product"}],"wp:featuredmedia":[{"embeddable":true,"href":"https:\/\/ananas.md\/ro\/wp-json\/wp\/v2\/media\/4102"}],"wp:attachment":[{"href":"https:\/\/ananas.md\/ro\/wp-json\/wp\/v2\/media?parent=4101"}],"wp:term":[{"taxonomy":"product_brand","embeddable":true,"href":"https:\/\/ananas.md\/ro\/wp-json\/wp\/v2\/product_brand?post=4101"},{"taxonomy":"product_cat","embeddable":true,"href":"https:\/\/ananas.md\/ro\/wp-json\/wp\/v2\/product_cat?post=4101"},{"taxonomy":"product_tag","embeddable":true,"href":"https:\/\/ananas.md\/ro\/wp-json\/wp\/v2\/product_tag?post=4101"}],"curies":[{"name":"wp","href":"https:\/\/api.w.org\/{rel}","templated":true}]}}