{"id":4105,"date":"2024-08-11T18:26:51","date_gmt":"2024-08-11T15:26:51","guid":{"rendered":"https:\/\/ananas.md\/?post_type=product&#038;p=4105"},"modified":"2024-08-16T16:54:34","modified_gmt":"2024-08-16T13:54:34","slug":"intindere-pentru-sarbatori-2","status":"publish","type":"product","link":"https:\/\/ananas.md\/ro\/gift\/intindere-pentru-sarbatori-2\/","title":{"rendered":"\u00centindere pentru s\u0103rb\u0103tori"},"content":{"rendered":"<p>\u00centindere pentru s\u0103rb\u0103tori<\/p>\n","protected":false},"excerpt":{"rendered":"<p>\u00centindere pentru s\u0103rb\u0103tori<\/p>\n","protected":false},"featured_media":4106,"template":"","meta":{"_acf_changed":false},"product_brand":[],"product_cat":[240],"product_tag":[437],"class_list":{"0":"post-4105","1":"product","2":"type-product","3":"status-publish","4":"has-post-thumbnail","6":"product_cat-aksessuary-dlya-prazdnikov","7":"product_tag-stretch","9":"first","10":"instock","11":"shipping-taxable","12":"purchasable","13":"product-type-simple"},"acf":[],"aioseo_notices":[],"_links":{"self":[{"href":"https:\/\/ananas.md\/ro\/wp-json\/wp\/v2\/product\/4105","targetHints":{"allow":["GET"]}}],"collection":[{"href":"https:\/\/ananas.md\/ro\/wp-json\/wp\/v2\/product"}],"about":[{"href":"https:\/\/ananas.md\/ro\/wp-json\/wp\/v2\/types\/product"}],"wp:featuredmedia":[{"embeddable":true,"href":"https:\/\/ananas.md\/ro\/wp-json\/wp\/v2\/media\/4106"}],"wp:attachment":[{"href":"https:\/\/ananas.md\/ro\/wp-json\/wp\/v2\/media?parent=4105"}],"wp:term":[{"taxonomy":"product_brand","embeddable":true,"href":"https:\/\/ananas.md\/ro\/wp-json\/wp\/v2\/product_brand?post=4105"},{"taxonomy":"product_cat","embeddable":true,"href":"https:\/\/ananas.md\/ro\/wp-json\/wp\/v2\/product_cat?post=4105"},{"taxonomy":"product_tag","embeddable":true,"href":"https:\/\/ananas.md\/ro\/wp-json\/wp\/v2\/product_tag?post=4105"}],"curies":[{"name":"wp","href":"https:\/\/api.w.org\/{rel}","templated":true}]}}