{"id":4165,"date":"2024-08-11T13:05:59","date_gmt":"2024-08-11T10:05:59","guid":{"rendered":"https:\/\/ananas.md\/?post_type=product&#038;p=4165"},"modified":"2025-05-08T16:07:03","modified_gmt":"2025-05-08T13:07:03","slug":"panglici-pentru-absolventi","status":"publish","type":"product","link":"https:\/\/ananas.md\/ro\/gift\/panglici-pentru-absolventi\/","title":{"rendered":"Panglici pentru absolven\u021bi"},"content":{"rendered":"<p>Panglici de absolvire 2025 \u2014 le realiz\u0103m la comand\u0103!<\/p>\n<p>Te preg\u0103te\u0219ti pentru un eveniment important? La noi g\u0103se\u0219ti panglicile perfecte pentru absolven\u021bi \u2014 elegante, \u00eengrijite \u0219i pline de amintiri!<\/p>\n<p>Culori disponibile:<br \/>\n\ud83d\udd39 Albastru<br \/>\n\ud83d\udd38 Vi\u0219iniu<br \/>\n\u26aa Alb<br \/>\n\ud83c\udf6b Ciocolatiu<br \/>\n\ud83d\udd34 Ro\u0219u<br \/>\n\u2728 Auriu<\/p>\n<p>Fiecare panglic\u0103 nu este doar un accesoriu, ci un simbol al amintirilor \u0219i realiz\u0103rilor!<br \/>\nLe realiz\u0103m cu dragoste \u0219i aten\u021bie la fiecare detaliu.<\/p>\n<p>F\u0103 ca balul t\u0103u de absolvire s\u0103 fie cu adev\u0103rat stilat!<\/p>\n","protected":false},"excerpt":{"rendered":"<p>Panglici de absolvire 2025 \u2014 le realiz\u0103m la comand\u0103!<\/p>\n<p>Culori disponibile:<br \/>\n\ud83d\udd39 Albastru<br \/>\n\ud83d\udd38 Vi\u0219iniu<br \/>\n\u26aa Alb<br \/>\n\ud83c\udf6b Ciocolatiu<br \/>\n\ud83d\udd34 Ro\u0219u<br \/>\n\u2728 Auriu<\/p>\n","protected":false},"featured_media":8031,"template":"","meta":{"_acf_changed":false},"product_brand":[],"product_cat":[933,240],"product_tag":[413,422],"class_list":{"0":"post-4165","1":"product","2":"type-product","3":"status-publish","4":"has-post-thumbnail","6":"product_cat-absolvire-ultimul-clopotel","7":"product_cat-aksessuary-dlya-prazdnikov","8":"product_tag-absolvirea","9":"product_tag-panglica-de-absolvent","11":"first","12":"instock","13":"shipping-taxable","14":"purchasable","15":"product-type-variable","16":"wvs-archive-product-wrapper"},"acf":[],"aioseo_notices":[],"_links":{"self":[{"href":"https:\/\/ananas.md\/ro\/wp-json\/wp\/v2\/product\/4165","targetHints":{"allow":["GET"]}}],"collection":[{"href":"https:\/\/ananas.md\/ro\/wp-json\/wp\/v2\/product"}],"about":[{"href":"https:\/\/ananas.md\/ro\/wp-json\/wp\/v2\/types\/product"}],"wp:featuredmedia":[{"embeddable":true,"href":"https:\/\/ananas.md\/ro\/wp-json\/wp\/v2\/media\/8031"}],"wp:attachment":[{"href":"https:\/\/ananas.md\/ro\/wp-json\/wp\/v2\/media?parent=4165"}],"wp:term":[{"taxonomy":"product_brand","embeddable":true,"href":"https:\/\/ananas.md\/ro\/wp-json\/wp\/v2\/product_brand?post=4165"},{"taxonomy":"product_cat","embeddable":true,"href":"https:\/\/ananas.md\/ro\/wp-json\/wp\/v2\/product_cat?post=4165"},{"taxonomy":"product_tag","embeddable":true,"href":"https:\/\/ananas.md\/ro\/wp-json\/wp\/v2\/product_tag?post=4165"}],"curies":[{"name":"wp","href":"https:\/\/api.w.org\/{rel}","templated":true}]}}