{"id":4171,"date":"2024-08-11T12:59:18","date_gmt":"2024-08-11T09:59:18","guid":{"rendered":"https:\/\/ananas.md\/?post_type=product&#038;p=4171"},"modified":"2025-05-08T15:43:05","modified_gmt":"2025-05-08T12:43:05","slug":"perna-imprimata-personalizata","status":"publish","type":"product","link":"https:\/\/ananas.md\/ro\/gift\/perna-imprimata-personalizata\/","title":{"rendered":"Pern\u0103 imprimat\u0103 personalizat\u0103"},"content":{"rendered":"<p>Pern\u0103 imprimat\u0103 personalizat\u0103<\/p>\n<p>40\u00d740 cm<\/p>\n","protected":false},"excerpt":{"rendered":"<p>Pern\u0103 imprimat\u0103 personalizat\u0103<\/p>\n","protected":false},"featured_media":4172,"template":"","meta":{"_acf_changed":false},"product_brand":[],"product_cat":[895,240],"product_tag":[395],"class_list":{"0":"post-4171","1":"product","2":"type-product","3":"status-publish","4":"has-post-thumbnail","6":"product_cat-perne","7":"product_cat-aksessuary-dlya-prazdnikov","8":"product_tag-perne","10":"first","11":"instock","12":"shipping-taxable","13":"purchasable","14":"product-type-simple"},"acf":[],"aioseo_notices":[],"_links":{"self":[{"href":"https:\/\/ananas.md\/ro\/wp-json\/wp\/v2\/product\/4171","targetHints":{"allow":["GET"]}}],"collection":[{"href":"https:\/\/ananas.md\/ro\/wp-json\/wp\/v2\/product"}],"about":[{"href":"https:\/\/ananas.md\/ro\/wp-json\/wp\/v2\/types\/product"}],"wp:featuredmedia":[{"embeddable":true,"href":"https:\/\/ananas.md\/ro\/wp-json\/wp\/v2\/media\/4172"}],"wp:attachment":[{"href":"https:\/\/ananas.md\/ro\/wp-json\/wp\/v2\/media?parent=4171"}],"wp:term":[{"taxonomy":"product_brand","embeddable":true,"href":"https:\/\/ananas.md\/ro\/wp-json\/wp\/v2\/product_brand?post=4171"},{"taxonomy":"product_cat","embeddable":true,"href":"https:\/\/ananas.md\/ro\/wp-json\/wp\/v2\/product_cat?post=4171"},{"taxonomy":"product_tag","embeddable":true,"href":"https:\/\/ananas.md\/ro\/wp-json\/wp\/v2\/product_tag?post=4171"}],"curies":[{"name":"wp","href":"https:\/\/api.w.org\/{rel}","templated":true}]}}