{"id":4173,"date":"2024-08-11T12:57:26","date_gmt":"2024-08-11T09:57:26","guid":{"rendered":"https:\/\/ananas.md\/?post_type=product&#038;p=4173"},"modified":"2025-05-08T15:43:05","modified_gmt":"2025-05-08T12:43:05","slug":"perna-imprimata-personalizata-2","status":"publish","type":"product","link":"https:\/\/ananas.md\/ro\/gift\/perna-imprimata-personalizata-2\/","title":{"rendered":"Pern\u0103 imprimat\u0103 personalizat\u0103"},"content":{"rendered":"<p>Pern\u0103 imprimat\u0103 personalizat\u0103<\/p>\n<p>40\u00d740 cm<\/p>\n","protected":false},"excerpt":{"rendered":"<p>Pern\u0103 imprimat\u0103 personalizat\u0103<\/p>\n","protected":false},"featured_media":4174,"template":"","meta":{"_acf_changed":false},"product_brand":[],"product_cat":[895,240],"product_tag":[432,395],"class_list":{"0":"post-4173","1":"product","2":"type-product","3":"status-publish","4":"has-post-thumbnail","6":"product_cat-perne","7":"product_cat-aksessuary-dlya-prazdnikov","8":"product_tag-perna-personalizata","9":"product_tag-perne","11":"first","12":"instock","13":"shipping-taxable","14":"purchasable","15":"product-type-simple"},"acf":[],"aioseo_notices":[],"_links":{"self":[{"href":"https:\/\/ananas.md\/ro\/wp-json\/wp\/v2\/product\/4173","targetHints":{"allow":["GET"]}}],"collection":[{"href":"https:\/\/ananas.md\/ro\/wp-json\/wp\/v2\/product"}],"about":[{"href":"https:\/\/ananas.md\/ro\/wp-json\/wp\/v2\/types\/product"}],"wp:featuredmedia":[{"embeddable":true,"href":"https:\/\/ananas.md\/ro\/wp-json\/wp\/v2\/media\/4174"}],"wp:attachment":[{"href":"https:\/\/ananas.md\/ro\/wp-json\/wp\/v2\/media?parent=4173"}],"wp:term":[{"taxonomy":"product_brand","embeddable":true,"href":"https:\/\/ananas.md\/ro\/wp-json\/wp\/v2\/product_brand?post=4173"},{"taxonomy":"product_cat","embeddable":true,"href":"https:\/\/ananas.md\/ro\/wp-json\/wp\/v2\/product_cat?post=4173"},{"taxonomy":"product_tag","embeddable":true,"href":"https:\/\/ananas.md\/ro\/wp-json\/wp\/v2\/product_tag?post=4173"}],"curies":[{"name":"wp","href":"https:\/\/api.w.org\/{rel}","templated":true}]}}