{"id":4402,"date":"2024-10-03T13:03:31","date_gmt":"2024-10-03T10:03:31","guid":{"rendered":"https:\/\/ananas.md\/?post_type=product&#038;p=4402"},"modified":"2025-05-08T15:43:05","modified_gmt":"2025-05-08T12:43:05","slug":"perna-in-forma-de-floare-2","status":"publish","type":"product","link":"https:\/\/ananas.md\/ro\/gift\/perna-in-forma-de-floare-2\/","title":{"rendered":"Pern\u0103 \u00een form\u0103 de floare"},"content":{"rendered":"<p>M\u0103rime: 35 cm<br \/>\nNot\u0103: Culoarea produsului poate diferen\u021bia pu\u021bin fa\u021b\u0103 de cea expus\u0103.<\/p>\n","protected":false},"excerpt":{"rendered":"<p>Pern\u0103 \u00een form\u0103 de floare<\/p>\n","protected":false},"featured_media":4401,"template":"","meta":{"_acf_changed":false},"product_brand":[],"product_cat":[895,240],"product_tag":[545,546,548,432],"class_list":{"0":"post-4402","1":"product","2":"type-product","3":"status-publish","4":"has-post-thumbnail","6":"product_cat-perne","7":"product_cat-aksessuary-dlya-prazdnikov","8":"product_tag-floare","9":"product_tag-perna","10":"product_tag-perna-floare","11":"product_tag-perna-personalizata","13":"first","14":"instock","15":"shipping-taxable","16":"purchasable","17":"product-type-simple"},"acf":[],"aioseo_notices":[],"_links":{"self":[{"href":"https:\/\/ananas.md\/ro\/wp-json\/wp\/v2\/product\/4402","targetHints":{"allow":["GET"]}}],"collection":[{"href":"https:\/\/ananas.md\/ro\/wp-json\/wp\/v2\/product"}],"about":[{"href":"https:\/\/ananas.md\/ro\/wp-json\/wp\/v2\/types\/product"}],"wp:featuredmedia":[{"embeddable":true,"href":"https:\/\/ananas.md\/ro\/wp-json\/wp\/v2\/media\/4401"}],"wp:attachment":[{"href":"https:\/\/ananas.md\/ro\/wp-json\/wp\/v2\/media?parent=4402"}],"wp:term":[{"taxonomy":"product_brand","embeddable":true,"href":"https:\/\/ananas.md\/ro\/wp-json\/wp\/v2\/product_brand?post=4402"},{"taxonomy":"product_cat","embeddable":true,"href":"https:\/\/ananas.md\/ro\/wp-json\/wp\/v2\/product_cat?post=4402"},{"taxonomy":"product_tag","embeddable":true,"href":"https:\/\/ananas.md\/ro\/wp-json\/wp\/v2\/product_tag?post=4402"}],"curies":[{"name":"wp","href":"https:\/\/api.w.org\/{rel}","templated":true}]}}