{"id":4406,"date":"2024-10-03T13:09:33","date_gmt":"2024-10-03T10:09:33","guid":{"rendered":"https:\/\/ananas.md\/?post_type=product&#038;p=4406"},"modified":"2025-05-08T15:43:05","modified_gmt":"2025-05-08T12:43:05","slug":"perna-in-forma-de-floare-3","status":"publish","type":"product","link":"https:\/\/ananas.md\/ro\/gift\/perna-in-forma-de-floare-3\/","title":{"rendered":"Pern\u0103 \u00een form\u0103 de floare"},"content":{"rendered":"<div class=\"content-inner\" dir=\"auto\">\n<div class=\"text-content clearfix with-meta\" dir=\"auto\">M\u0103rime: 35 cm<br \/>\nNot\u0103: Culoarea produsului poate diferen\u021bia pu\u021bin fa\u021b\u0103 de cea expus\u0103.<\/div>\n<\/div>\n<div class=\"message-action-buttons\"><\/div>\n","protected":false},"excerpt":{"rendered":"<p>Pern\u0103 \u00een form\u0103 de floare<\/p>\n","protected":false},"featured_media":4405,"template":"","meta":{"_acf_changed":false},"product_brand":[],"product_cat":[895,240],"product_tag":[545,546,548,432],"class_list":{"0":"post-4406","1":"product","2":"type-product","3":"status-publish","4":"has-post-thumbnail","6":"product_cat-perne","7":"product_cat-aksessuary-dlya-prazdnikov","8":"product_tag-floare","9":"product_tag-perna","10":"product_tag-perna-floare","11":"product_tag-perna-personalizata","13":"first","14":"instock","15":"shipping-taxable","16":"purchasable","17":"product-type-simple"},"acf":[],"aioseo_notices":[],"_links":{"self":[{"href":"https:\/\/ananas.md\/ro\/wp-json\/wp\/v2\/product\/4406","targetHints":{"allow":["GET"]}}],"collection":[{"href":"https:\/\/ananas.md\/ro\/wp-json\/wp\/v2\/product"}],"about":[{"href":"https:\/\/ananas.md\/ro\/wp-json\/wp\/v2\/types\/product"}],"wp:featuredmedia":[{"embeddable":true,"href":"https:\/\/ananas.md\/ro\/wp-json\/wp\/v2\/media\/4405"}],"wp:attachment":[{"href":"https:\/\/ananas.md\/ro\/wp-json\/wp\/v2\/media?parent=4406"}],"wp:term":[{"taxonomy":"product_brand","embeddable":true,"href":"https:\/\/ananas.md\/ro\/wp-json\/wp\/v2\/product_brand?post=4406"},{"taxonomy":"product_cat","embeddable":true,"href":"https:\/\/ananas.md\/ro\/wp-json\/wp\/v2\/product_cat?post=4406"},{"taxonomy":"product_tag","embeddable":true,"href":"https:\/\/ananas.md\/ro\/wp-json\/wp\/v2\/product_tag?post=4406"}],"curies":[{"name":"wp","href":"https:\/\/api.w.org\/{rel}","templated":true}]}}