{"id":4476,"date":"2024-10-04T07:59:10","date_gmt":"2024-10-04T04:59:10","guid":{"rendered":"https:\/\/ananas.md\/?post_type=product&#038;p=4476"},"modified":"2025-05-08T16:45:42","modified_gmt":"2025-05-08T13:45:42","slug":"poster-inramat-mama","status":"publish","type":"product","link":"https:\/\/ananas.md\/ro\/gift\/poster-inramat-mama\/","title":{"rendered":"Poster \u00eenramat &#8222;Mama&#8221;"},"content":{"rendered":"<p>Poster pe h\u00e2rtie fotografic\u0103 \u00een ram\u0103 sub sticl\u0103<\/p>\n<p>Culoare ram\u0103: alb<br \/>\nDimensiune: A4<\/p>\n<p>Nuan\u021ba de culoare a produsului poate fi diferit\u0103 de cea prezentat\u0103 \u00een fotografie.<\/p>\n","protected":false},"excerpt":{"rendered":"<p>Poster pe h\u00e2rtie fotografic\u0103 \u00een ram\u0103 sub sticl\u0103 Culoare ram\u0103: alb Dimensiune: A4 Nuan\u021ba de culoare a produsului poate fi diferit\u0103 de cea prezentat\u0103 \u00een fotografie.<\/p>\n","protected":false},"featured_media":4475,"template":"","meta":{"_acf_changed":false},"product_brand":[],"product_cat":[927,896,240],"product_tag":[],"class_list":{"0":"post-4476","1":"product","2":"type-product","3":"status-publish","4":"has-post-thumbnail","6":"product_cat-8-martie","7":"product_cat-postere-cu-design","8":"product_cat-aksessuary-dlya-prazdnikov","10":"first","11":"instock","12":"shipping-taxable","13":"purchasable","14":"product-type-simple"},"acf":[],"aioseo_notices":[],"_links":{"self":[{"href":"https:\/\/ananas.md\/ro\/wp-json\/wp\/v2\/product\/4476","targetHints":{"allow":["GET"]}}],"collection":[{"href":"https:\/\/ananas.md\/ro\/wp-json\/wp\/v2\/product"}],"about":[{"href":"https:\/\/ananas.md\/ro\/wp-json\/wp\/v2\/types\/product"}],"wp:featuredmedia":[{"embeddable":true,"href":"https:\/\/ananas.md\/ro\/wp-json\/wp\/v2\/media\/4475"}],"wp:attachment":[{"href":"https:\/\/ananas.md\/ro\/wp-json\/wp\/v2\/media?parent=4476"}],"wp:term":[{"taxonomy":"product_brand","embeddable":true,"href":"https:\/\/ananas.md\/ro\/wp-json\/wp\/v2\/product_brand?post=4476"},{"taxonomy":"product_cat","embeddable":true,"href":"https:\/\/ananas.md\/ro\/wp-json\/wp\/v2\/product_cat?post=4476"},{"taxonomy":"product_tag","embeddable":true,"href":"https:\/\/ananas.md\/ro\/wp-json\/wp\/v2\/product_tag?post=4476"}],"curies":[{"name":"wp","href":"https:\/\/api.w.org\/{rel}","templated":true}]}}