{"id":4486,"date":"2024-10-04T08:08:19","date_gmt":"2024-10-04T05:08:19","guid":{"rendered":"https:\/\/ananas.md\/?post_type=product&#038;p=4486"},"modified":"2025-05-08T15:34:55","modified_gmt":"2025-05-08T12:34:55","slug":"poster-inramat-regulile-mamei-2","status":"publish","type":"product","link":"https:\/\/ananas.md\/ro\/gift\/poster-inramat-regulile-mamei-2\/","title":{"rendered":"Poster \u00eenr\u0103mat \u201eRegulile mamei\u201d"},"content":{"rendered":"<p>Poster pe h\u00e2rtie fotografic\u0103 \u00een ram\u0103 sub sticl\u0103<\/p>\n<p>Culoare ram\u0103: negru<br \/>\nDimensiune: A4<\/p>\n<p>Nuan\u021ba de culoare a produsului poate fi diferit\u0103 de cea prezentat\u0103 \u00een fotografie.<\/p>\n","protected":false},"excerpt":{"rendered":"<p>Poster pe h\u00e2rtie fotografic\u0103 \u00een ram\u0103 sub sticl\u0103 Culoare ram\u0103: negru Dimensiune: A4 Nuan\u021ba de culoare a produsului poate fi diferit\u0103 de cea prezentat\u0103 \u00een fotografie.<\/p>\n","protected":false},"featured_media":4485,"template":"","meta":{"_acf_changed":false},"product_brand":[],"product_cat":[896,240],"product_tag":[],"class_list":{"0":"post-4486","1":"product","2":"type-product","3":"status-publish","4":"has-post-thumbnail","6":"product_cat-postere-cu-design","7":"product_cat-aksessuary-dlya-prazdnikov","9":"first","10":"instock","11":"shipping-taxable","12":"purchasable","13":"product-type-simple"},"acf":[],"aioseo_notices":[],"_links":{"self":[{"href":"https:\/\/ananas.md\/ro\/wp-json\/wp\/v2\/product\/4486","targetHints":{"allow":["GET"]}}],"collection":[{"href":"https:\/\/ananas.md\/ro\/wp-json\/wp\/v2\/product"}],"about":[{"href":"https:\/\/ananas.md\/ro\/wp-json\/wp\/v2\/types\/product"}],"wp:featuredmedia":[{"embeddable":true,"href":"https:\/\/ananas.md\/ro\/wp-json\/wp\/v2\/media\/4485"}],"wp:attachment":[{"href":"https:\/\/ananas.md\/ro\/wp-json\/wp\/v2\/media?parent=4486"}],"wp:term":[{"taxonomy":"product_brand","embeddable":true,"href":"https:\/\/ananas.md\/ro\/wp-json\/wp\/v2\/product_brand?post=4486"},{"taxonomy":"product_cat","embeddable":true,"href":"https:\/\/ananas.md\/ro\/wp-json\/wp\/v2\/product_cat?post=4486"},{"taxonomy":"product_tag","embeddable":true,"href":"https:\/\/ananas.md\/ro\/wp-json\/wp\/v2\/product_tag?post=4486"}],"curies":[{"name":"wp","href":"https:\/\/api.w.org\/{rel}","templated":true}]}}