{"id":4614,"date":"2024-10-04T16:57:49","date_gmt":"2024-10-04T13:57:49","guid":{"rendered":"https:\/\/ananas.md\/?post_type=product&#038;p=4614"},"modified":"2025-06-12T17:55:42","modified_gmt":"2025-06-12T14:55:42","slug":"pahar-de-bere-pentru-barbat","status":"publish","type":"product","link":"https:\/\/ananas.md\/ro\/gift\/pahar-de-bere-pentru-barbat\/","title":{"rendered":"Pahar de bere pentru b\u0103rba\u021bi"},"content":{"rendered":"<p><strong data-start=\"353\" data-end=\"398\">Halba de bere cu inscrip\u021bie personalizat\u0103<\/strong> nu este doar un simplu pahar, ci un cadou unic, cu personalitate. Grav\u0103m pe halb\u0103 numele t\u0103u, un mesaj, o urare sau o glum\u0103, transform\u00e2nd un obiect obi\u0219nuit \u00eentr-un suvenir memorabil \u0219i stilat.<\/p>\n<p data-start=\"851\" data-end=\"868\">Potrivit\u0103 pentru:<\/p>\n<ul data-start=\"869\" data-end=\"997\">\n<li data-start=\"869\" data-end=\"901\">\n<p data-start=\"871\" data-end=\"901\">zile de na\u0219tere \u0219i anivers\u0103ri;<\/p>\n<\/li>\n<li data-start=\"902\" data-end=\"922\">\n<p data-start=\"904\" data-end=\"922\">cadouri corporate;<\/p>\n<\/li>\n<li data-start=\"923\" data-end=\"975\">\n<p data-start=\"925\" data-end=\"975\">petreceri tematice (burl\u0103ce\u0219ti, Oktoberfest etc.);<\/p>\n<\/li>\n<li data-start=\"976\" data-end=\"997\">\n<p data-start=\"978\" data-end=\"997\">momente de neuitat.<\/p>\n<\/li>\n<\/ul>\n<p data-start=\"999\" data-end=\"1096\">Transform\u0103 o halb\u0103 simpl\u0103 \u00eentr-un obiect cu semnifica\u021bie \u2014 adaug\u0103 propriul mesaj \u0219i ofer\u0103 emo\u021bie!<\/p>\n<p>Volum: 500 ml<br \/>\nMaterial: sticl\u0103<\/p>\n<p>Inscrip\u021bia de pe sticl\u0103 este un autocolant. Este mai bine s\u0103 nu sp\u0103la\u021bi paharul \u00een ap\u0103 fierbinte, \u00een ma\u0219ina de sp\u0103lat vase, sau s\u0103-l freca\u021bi energic.<\/p>\n","protected":false},"excerpt":{"rendered":"<p>Halb\u0103 de bere personalizat\u0103 cu mesajul t\u0103u \u2014 un cadou original \u0219i practic pentru iubitorii de bere.<\/p>\n","protected":false},"featured_media":8322,"template":"","meta":{"_acf_changed":false},"product_brand":[],"product_cat":[926,879],"product_tag":[396,955,956],"class_list":{"0":"post-4614","1":"product","2":"type-product","3":"status-publish","4":"has-post-thumbnail","6":"product_cat-23-februarie","7":"product_cat-pentru-bere","8":"product_tag-cadou","9":"product_tag-halba-de-bere","10":"product_tag-personalizare","12":"first","13":"instock","14":"shipping-taxable","15":"purchasable","16":"product-type-variable","17":"wvs-archive-product-wrapper"},"acf":[],"aioseo_notices":[],"_links":{"self":[{"href":"https:\/\/ananas.md\/ro\/wp-json\/wp\/v2\/product\/4614","targetHints":{"allow":["GET"]}}],"collection":[{"href":"https:\/\/ananas.md\/ro\/wp-json\/wp\/v2\/product"}],"about":[{"href":"https:\/\/ananas.md\/ro\/wp-json\/wp\/v2\/types\/product"}],"wp:featuredmedia":[{"embeddable":true,"href":"https:\/\/ananas.md\/ro\/wp-json\/wp\/v2\/media\/8322"}],"wp:attachment":[{"href":"https:\/\/ananas.md\/ro\/wp-json\/wp\/v2\/media?parent=4614"}],"wp:term":[{"taxonomy":"product_brand","embeddable":true,"href":"https:\/\/ananas.md\/ro\/wp-json\/wp\/v2\/product_brand?post=4614"},{"taxonomy":"product_cat","embeddable":true,"href":"https:\/\/ananas.md\/ro\/wp-json\/wp\/v2\/product_cat?post=4614"},{"taxonomy":"product_tag","embeddable":true,"href":"https:\/\/ananas.md\/ro\/wp-json\/wp\/v2\/product_tag?post=4614"}],"curies":[{"name":"wp","href":"https:\/\/api.w.org\/{rel}","templated":true}]}}