{"id":4796,"date":"2024-10-05T13:24:59","date_gmt":"2024-10-05T10:24:59","guid":{"rendered":"https:\/\/ananas.md\/?post_type=product&#038;p=4796"},"modified":"2025-05-08T15:42:18","modified_gmt":"2025-05-08T12:42:18","slug":"brelocuri-pereche","status":"publish","type":"product","link":"https:\/\/ananas.md\/ro\/gift\/brelocuri-pereche\/","title":{"rendered":"Brelocuri pereche"},"content":{"rendered":"<p><strong>Material: aliaj de zinc<\/strong><br \/>\n<strong>Lungime: 5 cm<\/strong><br \/>\n<strong>L\u0103\u021bime: 3 cm<\/strong><br \/>\n<strong>Grosime: 0,2 cm<\/strong><\/p>\n","protected":false},"excerpt":{"rendered":"<p>Set de brelocuri pereche \u00een form\u0103 de inim\u0103 \u0219i cheie<\/p>\n","protected":false},"featured_media":4793,"template":"","meta":{"_acf_changed":false},"product_brand":[],"product_cat":[886,240],"product_tag":[584,579,583,567,585,582,581,580],"class_list":{"0":"post-4796","1":"product","2":"type-product","3":"status-publish","4":"has-post-thumbnail","6":"product_cat-breloace","7":"product_cat-aksessuary-dlya-prazdnikov","8":"product_tag-brbat","9":"product_tag-breloc","10":"product_tag-dragoste","11":"product_tag-familie","12":"product_tag-femeie","13":"product_tag-iubit","14":"product_tag-iubita","15":"product_tag-pereche","17":"first","18":"instock","19":"shipping-taxable","20":"purchasable","21":"product-type-simple"},"acf":[],"aioseo_notices":[],"_links":{"self":[{"href":"https:\/\/ananas.md\/ro\/wp-json\/wp\/v2\/product\/4796","targetHints":{"allow":["GET"]}}],"collection":[{"href":"https:\/\/ananas.md\/ro\/wp-json\/wp\/v2\/product"}],"about":[{"href":"https:\/\/ananas.md\/ro\/wp-json\/wp\/v2\/types\/product"}],"wp:featuredmedia":[{"embeddable":true,"href":"https:\/\/ananas.md\/ro\/wp-json\/wp\/v2\/media\/4793"}],"wp:attachment":[{"href":"https:\/\/ananas.md\/ro\/wp-json\/wp\/v2\/media?parent=4796"}],"wp:term":[{"taxonomy":"product_brand","embeddable":true,"href":"https:\/\/ananas.md\/ro\/wp-json\/wp\/v2\/product_brand?post=4796"},{"taxonomy":"product_cat","embeddable":true,"href":"https:\/\/ananas.md\/ro\/wp-json\/wp\/v2\/product_cat?post=4796"},{"taxonomy":"product_tag","embeddable":true,"href":"https:\/\/ananas.md\/ro\/wp-json\/wp\/v2\/product_tag?post=4796"}],"curies":[{"name":"wp","href":"https:\/\/api.w.org\/{rel}","templated":true}]}}