{"id":4812,"date":"2024-10-05T13:36:55","date_gmt":"2024-10-05T10:36:55","guid":{"rendered":"https:\/\/ananas.md\/?post_type=product&#038;p=4812"},"modified":"2025-05-08T15:40:04","modified_gmt":"2025-05-08T12:40:04","slug":"carton-de-ciocolata-ciocolata-pentru-o-femeie-puternica-si-independenta","status":"publish","type":"product","link":"https:\/\/ananas.md\/ro\/gift\/carton-de-ciocolata-ciocolata-pentru-o-femeie-puternica-si-independenta\/","title":{"rendered":"Carton de ciocolat\u0103 \u201eCiocolat\u0103 pentru o femeie puternic\u0103 \u0219i independent\u0103!\u201d"},"content":{"rendered":"<p>Dimensiuni: 19\u00d78 cm<br \/>\nGreutate: 90 gr<\/p>\n<p>\u25cf Produse perisabile<br \/>\nV\u0103 rug\u0103m s\u0103 re\u021bine\u021bi c\u0103 produsele perisabile, cum ar fi fructele proaspete, legumele, carnea, ciocolata, produsele lactate \u0219i alte bunuri, pot suferi o deteriorare a calit\u0103\u021bii \u00een cazul unei livr\u0103ri \u00eendelungate, \u00een special \u00een condi\u021bii de temperatur\u0103 ridicat\u0103. V\u0103 recomand\u0103m s\u0103 alege\u021bi ridicarea personal\u0103 sau servicii de curierat specializate pentru a reduce timpul de transport \u0219i a asigura o prospe\u021bime maxim\u0103 a produselor. Cu toate acestea, \u00een ciuda eforturilor noastre de a asigura condi\u021bii adecvate de transport, nu putem garanta p\u0103strarea produselor la primire.<\/p>\n","protected":false},"excerpt":{"rendered":"<p>Ciocolat\u0103 cu lapte cu design pe partea frontal\u0103 a ambalajului<\/p>\n","protected":false},"featured_media":4811,"template":"","meta":{"_acf_changed":false},"product_brand":[],"product_cat":[902,240],"product_tag":[391,409],"class_list":{"0":"post-4812","1":"product","2":"type-product","3":"status-publish","4":"has-post-thumbnail","6":"product_cat-ciocolata-cu-design","7":"product_cat-aksessuary-dlya-prazdnikov","8":"product_tag-ciocolata","9":"product_tag-ciocolata-cu-lapte","11":"first","12":"instock","13":"shipping-taxable","14":"purchasable","15":"product-type-simple"},"acf":[],"aioseo_notices":[],"_links":{"self":[{"href":"https:\/\/ananas.md\/ro\/wp-json\/wp\/v2\/product\/4812","targetHints":{"allow":["GET"]}}],"collection":[{"href":"https:\/\/ananas.md\/ro\/wp-json\/wp\/v2\/product"}],"about":[{"href":"https:\/\/ananas.md\/ro\/wp-json\/wp\/v2\/types\/product"}],"wp:featuredmedia":[{"embeddable":true,"href":"https:\/\/ananas.md\/ro\/wp-json\/wp\/v2\/media\/4811"}],"wp:attachment":[{"href":"https:\/\/ananas.md\/ro\/wp-json\/wp\/v2\/media?parent=4812"}],"wp:term":[{"taxonomy":"product_brand","embeddable":true,"href":"https:\/\/ananas.md\/ro\/wp-json\/wp\/v2\/product_brand?post=4812"},{"taxonomy":"product_cat","embeddable":true,"href":"https:\/\/ananas.md\/ro\/wp-json\/wp\/v2\/product_cat?post=4812"},{"taxonomy":"product_tag","embeddable":true,"href":"https:\/\/ananas.md\/ro\/wp-json\/wp\/v2\/product_tag?post=4812"}],"curies":[{"name":"wp","href":"https:\/\/api.w.org\/{rel}","templated":true}]}}