{"id":4839,"date":"2024-10-05T14:43:27","date_gmt":"2024-10-05T11:43:27","guid":{"rendered":"https:\/\/ananas.md\/?post_type=product&#038;p=4839"},"modified":"2025-05-08T15:40:01","modified_gmt":"2025-05-08T12:40:01","slug":"carton-de-ciocolata-pentru-un-makeup-artist-tare","status":"publish","type":"product","link":"https:\/\/ananas.md\/ro\/gift\/carton-de-ciocolata-pentru-un-makeup-artist-tare\/","title":{"rendered":"Carton de ciocolat\u0103 \u201ePentru un makeup artist tare!\u201d"},"content":{"rendered":"<p>Dimensiuni: 19\u00d78 cm<br \/>\nGreutate: 90 gr<\/p>\n<p>Produse perisabile. Produsul con\u021bine ingrediente perisabile. Se recomand\u0103 a fi p\u0103strat \u00eentr-un loc r\u0103coros, deoarece produsul se poate topi la temperaturi ridicate sau la soare.<\/p>\n","protected":false},"excerpt":{"rendered":"<p>Ciocolat\u0103 cu lapte cu design pe partea frontal\u0103 a ambalajului<\/p>\n","protected":false},"featured_media":4837,"template":"","meta":{"_acf_changed":false},"product_brand":[],"product_cat":[902,240],"product_tag":[391,409],"class_list":{"0":"post-4839","1":"product","2":"type-product","3":"status-publish","4":"has-post-thumbnail","6":"product_cat-ciocolata-cu-design","7":"product_cat-aksessuary-dlya-prazdnikov","8":"product_tag-ciocolata","9":"product_tag-ciocolata-cu-lapte","11":"first","12":"instock","13":"shipping-taxable","14":"purchasable","15":"product-type-simple"},"acf":[],"aioseo_notices":[],"_links":{"self":[{"href":"https:\/\/ananas.md\/ro\/wp-json\/wp\/v2\/product\/4839","targetHints":{"allow":["GET"]}}],"collection":[{"href":"https:\/\/ananas.md\/ro\/wp-json\/wp\/v2\/product"}],"about":[{"href":"https:\/\/ananas.md\/ro\/wp-json\/wp\/v2\/types\/product"}],"wp:featuredmedia":[{"embeddable":true,"href":"https:\/\/ananas.md\/ro\/wp-json\/wp\/v2\/media\/4837"}],"wp:attachment":[{"href":"https:\/\/ananas.md\/ro\/wp-json\/wp\/v2\/media?parent=4839"}],"wp:term":[{"taxonomy":"product_brand","embeddable":true,"href":"https:\/\/ananas.md\/ro\/wp-json\/wp\/v2\/product_brand?post=4839"},{"taxonomy":"product_cat","embeddable":true,"href":"https:\/\/ananas.md\/ro\/wp-json\/wp\/v2\/product_cat?post=4839"},{"taxonomy":"product_tag","embeddable":true,"href":"https:\/\/ananas.md\/ro\/wp-json\/wp\/v2\/product_tag?post=4839"}],"curies":[{"name":"wp","href":"https:\/\/api.w.org\/{rel}","templated":true}]}}