{"id":4903,"date":"2024-10-05T15:41:56","date_gmt":"2024-10-05T12:41:56","guid":{"rendered":"https:\/\/ananas.md\/?post_type=product&#038;p=4903"},"modified":"2025-05-08T16:05:28","modified_gmt":"2025-05-08T13:05:28","slug":"carton-de-ciocolata-pentru-dragul-meu-profesor-de-matematica-2","status":"publish","type":"product","link":"https:\/\/ananas.md\/ro\/gift\/carton-de-ciocolata-pentru-dragul-meu-profesor-de-matematica-2\/","title":{"rendered":"Carton de ciocolat\u0103 \u201ePentru dragul meu profesor de matematic\u0103\u201d"},"content":{"rendered":"<p>Dimensiuni: 19\u00d78 cm<br \/>\nGreutate: 90 gr<\/p>\n<p>Produse perisabile. Produsul con\u021bine ingrediente perisabile. Se recomand\u0103 a fi p\u0103strat \u00eentr-un loc r\u0103coros, deoarece produsul se poate topi la temperaturi ridicate sau la soare.<\/p>\n","protected":false},"excerpt":{"rendered":"<p>\u041c\u043e\u043b\u043e\u0447\u043d\u044b\u0439 \u0448\u043e\u043a\u043e\u043b\u0430\u0434 \u0441 \u0434\u0438\u0437\u0430\u0439\u043d\u043e\u043c \u043d\u0430 \u043b\u0438\u0446\u0435\u0432\u043e\u0439 \u0441\u0442\u043e\u0440\u043e\u043d\u0435 \u0443\u043f\u0430\u043a\u043e\u0432\u043a\u0438<\/p>\n","protected":false},"featured_media":4902,"template":"","meta":{"_acf_changed":false},"product_brand":[],"product_cat":[925,933,902,937,240],"product_tag":[391,409],"class_list":{"0":"post-4903","1":"product","2":"type-product","3":"status-publish","4":"has-post-thumbnail","6":"product_cat-1-septembrie","7":"product_cat-absolvire-ultimul-clopotel","8":"product_cat-ciocolata-cu-design","9":"product_cat-ziua-profesorului","10":"product_cat-aksessuary-dlya-prazdnikov","11":"product_tag-ciocolata","12":"product_tag-ciocolata-cu-lapte","14":"first","15":"instock","16":"shipping-taxable","17":"purchasable","18":"product-type-simple"},"acf":[],"aioseo_notices":[],"_links":{"self":[{"href":"https:\/\/ananas.md\/ro\/wp-json\/wp\/v2\/product\/4903","targetHints":{"allow":["GET"]}}],"collection":[{"href":"https:\/\/ananas.md\/ro\/wp-json\/wp\/v2\/product"}],"about":[{"href":"https:\/\/ananas.md\/ro\/wp-json\/wp\/v2\/types\/product"}],"wp:featuredmedia":[{"embeddable":true,"href":"https:\/\/ananas.md\/ro\/wp-json\/wp\/v2\/media\/4902"}],"wp:attachment":[{"href":"https:\/\/ananas.md\/ro\/wp-json\/wp\/v2\/media?parent=4903"}],"wp:term":[{"taxonomy":"product_brand","embeddable":true,"href":"https:\/\/ananas.md\/ro\/wp-json\/wp\/v2\/product_brand?post=4903"},{"taxonomy":"product_cat","embeddable":true,"href":"https:\/\/ananas.md\/ro\/wp-json\/wp\/v2\/product_cat?post=4903"},{"taxonomy":"product_tag","embeddable":true,"href":"https:\/\/ananas.md\/ro\/wp-json\/wp\/v2\/product_tag?post=4903"}],"curies":[{"name":"wp","href":"https:\/\/api.w.org\/{rel}","templated":true}]}}