{"id":4967,"date":"2024-10-05T19:20:50","date_gmt":"2024-10-05T16:20:50","guid":{"rendered":"https:\/\/ananas.md\/?post_type=product&#038;p=4967"},"modified":"2025-05-08T16:08:43","modified_gmt":"2025-05-08T13:08:43","slug":"confetti-pentru-petrecerea-de-gen-baiat","status":"publish","type":"product","link":"https:\/\/ananas.md\/ro\/gift\/confetti-pentru-petrecerea-de-gen-baiat\/","title":{"rendered":"Confetti pentru petrecerea de gen (b\u0103iat)."},"content":{"rendered":"<p><strong>\u00cen\u0103l\u021bime:<\/strong> 30 cm<br \/>\n<strong>Umplutur\u0103:<\/strong> confetti<\/p>\n<p>Pute\u021bi \u00eencredin\u021ba comanda confetti-ului unei persoane dragi pentru a v\u0103 face o surpriz\u0103. De asemenea, pute\u021bi vizita magazinul nostru fizic, oferind v\u00e2nz\u0103torului o not\u0103 cu sexul copilului, \u0219i ve\u021bi primi confetti-ul pentru petrecerea de gen care va dezv\u0103lui acest mic secret. V\u0103 vom ajuta s\u0103 face\u021bi s\u0103rb\u0103toarea dvs. vesel\u0103 \u0219i memorabil\u0103!<\/p>\n","protected":false},"excerpt":{"rendered":"<p>Confetti-urile pentru determinarea sexului copilului sunt simple confetti-uri, dar umplute cu confetti de o anumit\u0103 culoare. Dac\u0103 va fi b\u0103iat, confetti-ul va fi albastru, iar dac\u0103 va fi feti\u021b\u0103, acesta va fi roz.<\/p>\n","protected":false},"featured_media":4964,"template":"","meta":{"_acf_changed":false},"product_brand":[],"product_cat":[928,240],"product_tag":[541,598,495,567,534,595,597,940],"class_list":{"0":"post-4967","1":"product","2":"type-product","3":"status-publish","4":"has-post-thumbnail","6":"product_cat-gender-party-ro","7":"product_cat-aksessuary-dlya-prazdnikov","8":"product_tag-baiat","9":"product_tag-bunei","10":"product_tag-copii","11":"product_tag-familie","12":"product_tag-fata","13":"product_tag-parinti","14":"product_tag-tata","15":"product_tag-mama-ro","17":"first","18":"instock","19":"shipping-taxable","20":"purchasable","21":"product-type-simple"},"acf":[],"aioseo_notices":[],"_links":{"self":[{"href":"https:\/\/ananas.md\/ro\/wp-json\/wp\/v2\/product\/4967","targetHints":{"allow":["GET"]}}],"collection":[{"href":"https:\/\/ananas.md\/ro\/wp-json\/wp\/v2\/product"}],"about":[{"href":"https:\/\/ananas.md\/ro\/wp-json\/wp\/v2\/types\/product"}],"wp:featuredmedia":[{"embeddable":true,"href":"https:\/\/ananas.md\/ro\/wp-json\/wp\/v2\/media\/4964"}],"wp:attachment":[{"href":"https:\/\/ananas.md\/ro\/wp-json\/wp\/v2\/media?parent=4967"}],"wp:term":[{"taxonomy":"product_brand","embeddable":true,"href":"https:\/\/ananas.md\/ro\/wp-json\/wp\/v2\/product_brand?post=4967"},{"taxonomy":"product_cat","embeddable":true,"href":"https:\/\/ananas.md\/ro\/wp-json\/wp\/v2\/product_cat?post=4967"},{"taxonomy":"product_tag","embeddable":true,"href":"https:\/\/ananas.md\/ro\/wp-json\/wp\/v2\/product_tag?post=4967"}],"curies":[{"name":"wp","href":"https:\/\/api.w.org\/{rel}","templated":true}]}}