{"id":5081,"date":"2024-10-06T09:58:44","date_gmt":"2024-10-06T06:58:44","guid":{"rendered":"https:\/\/ananas.md\/?post_type=product&#038;p=5081"},"modified":"2025-05-08T15:45:16","modified_gmt":"2025-05-08T12:45:16","slug":"set-cadou","status":"publish","type":"product","link":"https:\/\/ananas.md\/ro\/gift\/set-cadou\/","title":{"rendered":"Set cadou"},"content":{"rendered":"<p><strong>Set de brelocuri pereche \u00een form\u0103 de inim\u0103 \u0219i cheie<\/strong><br \/>\n<strong>Culoare:<\/strong> argintie<br \/>\n<strong>Material:<\/strong> aliaj de zinc<br \/>\n<strong>Lungime:<\/strong> 5 cm<br \/>\n<strong>L\u0103\u021bime:<\/strong> 3 cm<br \/>\n<strong>Grosime:<\/strong> 0,2 cm<\/p>\n<p><strong>Cana cu m\u00e2nere \u00een form\u0103 de inim\u0103 \u201eDragostea este &#8211; &#8230;\u201d<\/strong><br \/>\n<strong>Culoare:<\/strong> alb\u0103, interior \u0219i m\u00e2nere ro\u0219ii<br \/>\n<strong>Imprimare:<\/strong> dubl\u0103 fa\u021b\u0103<br \/>\n<strong>Capacitate:<\/strong> 330 ml<br \/>\n<strong>\u00cen\u0103l\u021bime:<\/strong> 9,5 cm<br \/>\n<strong>Diametru:<\/strong> 8,2 cm<br \/>\n<strong>Suprafa\u021b\u0103:<\/strong> Lucioas\u0103<br \/>\n<strong>Calitate:<\/strong> Grad A<br \/>\n<strong>Material:<\/strong> Ceramic\u0103<\/p>\n<p><strong>Not\u0103:<\/strong> Nuanta produsului poate diferi de cea prezentat\u0103 \u00een fotografie.<\/p>\n","protected":false},"excerpt":{"rendered":"<p>Setul cadou const\u0103 din brelocuri pereche \u0219i o can\u0103.<\/p>\n","protected":false},"featured_media":5082,"template":"","meta":{"_acf_changed":false},"product_brand":[],"product_cat":[889,867,240],"product_tag":[396,418,419],"class_list":{"0":"post-5081","1":"product","2":"type-product","3":"status-publish","4":"has-post-thumbnail","6":"product_cat-cani","7":"product_cat-seturi-cadou","8":"product_cat-aksessuary-dlya-prazdnikov","9":"product_tag-cadou","10":"product_tag-cana","11":"product_tag-cana-imprimata","13":"first","14":"instock","15":"shipping-taxable","16":"purchasable","17":"product-type-simple"},"acf":[],"aioseo_notices":[],"_links":{"self":[{"href":"https:\/\/ananas.md\/ro\/wp-json\/wp\/v2\/product\/5081","targetHints":{"allow":["GET"]}}],"collection":[{"href":"https:\/\/ananas.md\/ro\/wp-json\/wp\/v2\/product"}],"about":[{"href":"https:\/\/ananas.md\/ro\/wp-json\/wp\/v2\/types\/product"}],"wp:featuredmedia":[{"embeddable":true,"href":"https:\/\/ananas.md\/ro\/wp-json\/wp\/v2\/media\/5082"}],"wp:attachment":[{"href":"https:\/\/ananas.md\/ro\/wp-json\/wp\/v2\/media?parent=5081"}],"wp:term":[{"taxonomy":"product_brand","embeddable":true,"href":"https:\/\/ananas.md\/ro\/wp-json\/wp\/v2\/product_brand?post=5081"},{"taxonomy":"product_cat","embeddable":true,"href":"https:\/\/ananas.md\/ro\/wp-json\/wp\/v2\/product_cat?post=5081"},{"taxonomy":"product_tag","embeddable":true,"href":"https:\/\/ananas.md\/ro\/wp-json\/wp\/v2\/product_tag?post=5081"}],"curies":[{"name":"wp","href":"https:\/\/api.w.org\/{rel}","templated":true}]}}