{"id":5089,"date":"2024-10-06T10:05:42","date_gmt":"2024-10-06T07:05:42","guid":{"rendered":"https:\/\/ananas.md\/?post_type=product&#038;p=5089"},"modified":"2025-05-08T15:45:16","modified_gmt":"2025-05-08T12:45:16","slug":"cana-cu-imprimare-de-la-munca-mor-caii-dar-eu-sunt-un-ponei-nemuritor","status":"publish","type":"product","link":"https:\/\/ananas.md\/ro\/gift\/cana-cu-imprimare-de-la-munca-mor-caii-dar-eu-sunt-un-ponei-nemuritor\/","title":{"rendered":"Cana cu imprimare \u201eDe la munc\u0103 mor caii, dar eu sunt un ponei nemuritor\u201d"},"content":{"rendered":"<p><strong>Imprimare: dubl\u0103 fa\u021b\u0103<\/strong><br \/>\n<strong>Capacitate: 330 ml<\/strong><br \/>\n<strong>\u00cen\u0103l\u021bime: 9,5 cm<\/strong><br \/>\n<strong>Diametru: 8,2 cm<\/strong><br \/>\n<strong>Suprafa\u021b\u0103: Lucioas\u0103<\/strong><br \/>\n<strong>Calitate: Grad A<\/strong><br \/>\n<strong>Material: Ceramica<\/strong><br \/>\n<strong>Not\u0103: Nuanta produsului poate diferi de cea prezentat\u0103 \u00een fotografie.<\/strong><\/p>\n","protected":false},"excerpt":{"rendered":"<p>Cana cu imprimare \u201eDe la munc\u0103 mor caii, dar eu sunt un ponei nemuritor\u201d<\/p>\n","protected":false},"featured_media":5386,"template":"","meta":{"_acf_changed":false},"product_brand":[],"product_cat":[889,240],"product_tag":[396,418,419],"class_list":{"0":"post-5089","1":"product","2":"type-product","3":"status-publish","4":"has-post-thumbnail","6":"product_cat-cani","7":"product_cat-aksessuary-dlya-prazdnikov","8":"product_tag-cadou","9":"product_tag-cana","10":"product_tag-cana-imprimata","12":"first","13":"instock","14":"shipping-taxable","15":"purchasable","16":"product-type-simple"},"acf":[],"aioseo_notices":[],"_links":{"self":[{"href":"https:\/\/ananas.md\/ro\/wp-json\/wp\/v2\/product\/5089","targetHints":{"allow":["GET"]}}],"collection":[{"href":"https:\/\/ananas.md\/ro\/wp-json\/wp\/v2\/product"}],"about":[{"href":"https:\/\/ananas.md\/ro\/wp-json\/wp\/v2\/types\/product"}],"wp:featuredmedia":[{"embeddable":true,"href":"https:\/\/ananas.md\/ro\/wp-json\/wp\/v2\/media\/5386"}],"wp:attachment":[{"href":"https:\/\/ananas.md\/ro\/wp-json\/wp\/v2\/media?parent=5089"}],"wp:term":[{"taxonomy":"product_brand","embeddable":true,"href":"https:\/\/ananas.md\/ro\/wp-json\/wp\/v2\/product_brand?post=5089"},{"taxonomy":"product_cat","embeddable":true,"href":"https:\/\/ananas.md\/ro\/wp-json\/wp\/v2\/product_cat?post=5089"},{"taxonomy":"product_tag","embeddable":true,"href":"https:\/\/ananas.md\/ro\/wp-json\/wp\/v2\/product_tag?post=5089"}],"curies":[{"name":"wp","href":"https:\/\/api.w.org\/{rel}","templated":true}]}}