{"id":5344,"date":"2024-10-07T18:15:52","date_gmt":"2024-10-07T15:15:52","guid":{"rendered":"https:\/\/ananas.md\/?post_type=product&#038;p=5344"},"modified":"2025-05-08T15:39:46","modified_gmt":"2025-05-08T12:39:46","slug":"ciocolata-sub-forma-de-felicitare-nas-adevarat","status":"publish","type":"product","link":"https:\/\/ananas.md\/ro\/gift\/ciocolata-sub-forma-de-felicitare-nas-adevarat\/","title":{"rendered":"Ciocolat\u0103 sub form\u0103 de felicitare &#8222;Na\u015f adev\u0103rat&#8221;"},"content":{"rendered":"<p><strong>Dimensiuni:<\/strong> 19\u00d78 cm<br \/>\n<strong>Greutate:<\/strong> 90 g<\/p>\n<p>\u25cf Produse perisabile<br \/>\nV\u0103 rug\u0103m s\u0103 re\u021bine\u021bi c\u0103 produsele perisabile, cum ar fi fructele \u0219i legumele proaspete, carnea, ciocolata, produsele lactate \u0219i alte bunuri, pot pierde din calitate \u00een timpul livr\u0103rii prelungite, \u00een special \u00een condi\u021bii de temperaturi ridicate. Recomand\u0103m alegerea ridic\u0103rii personale sau a serviciilor speciale de curierat pentru a reduce timpul de transport \u0219i a asigura cea mai mare prospe\u021bime posibil\u0103 a produselor. Cu toate acestea, \u00een ciuda eforturilor noastre de a asigura condi\u021bii adecvate de transport, nu putem garanta p\u0103strarea calit\u0103\u021bii produselor la primire.<\/p>\n","protected":false},"excerpt":{"rendered":"<p>Ciocolat\u0103 cu lapte cu design pe partea frontal\u0103 a ambalajului.<\/p>\n","protected":false},"featured_media":5343,"template":"","meta":{"_acf_changed":false},"product_brand":[],"product_cat":[902,240],"product_tag":[391,409],"class_list":{"0":"post-5344","1":"product","2":"type-product","3":"status-publish","4":"has-post-thumbnail","6":"product_cat-ciocolata-cu-design","7":"product_cat-aksessuary-dlya-prazdnikov","8":"product_tag-ciocolata","9":"product_tag-ciocolata-cu-lapte","11":"first","12":"instock","13":"shipping-taxable","14":"purchasable","15":"product-type-simple"},"acf":[],"aioseo_notices":[],"_links":{"self":[{"href":"https:\/\/ananas.md\/ro\/wp-json\/wp\/v2\/product\/5344","targetHints":{"allow":["GET"]}}],"collection":[{"href":"https:\/\/ananas.md\/ro\/wp-json\/wp\/v2\/product"}],"about":[{"href":"https:\/\/ananas.md\/ro\/wp-json\/wp\/v2\/types\/product"}],"wp:featuredmedia":[{"embeddable":true,"href":"https:\/\/ananas.md\/ro\/wp-json\/wp\/v2\/media\/5343"}],"wp:attachment":[{"href":"https:\/\/ananas.md\/ro\/wp-json\/wp\/v2\/media?parent=5344"}],"wp:term":[{"taxonomy":"product_brand","embeddable":true,"href":"https:\/\/ananas.md\/ro\/wp-json\/wp\/v2\/product_brand?post=5344"},{"taxonomy":"product_cat","embeddable":true,"href":"https:\/\/ananas.md\/ro\/wp-json\/wp\/v2\/product_cat?post=5344"},{"taxonomy":"product_tag","embeddable":true,"href":"https:\/\/ananas.md\/ro\/wp-json\/wp\/v2\/product_tag?post=5344"}],"curies":[{"name":"wp","href":"https:\/\/api.w.org\/{rel}","templated":true}]}}