{"id":5568,"date":"2024-10-08T14:01:18","date_gmt":"2024-10-08T11:01:18","guid":{"rendered":"https:\/\/ananas.md\/?post_type=product&#038;p=5568"},"modified":"2025-05-08T15:45:05","modified_gmt":"2025-05-08T12:45:05","slug":"cana-personalizata-numai-cei-mai-buni-tati-sunt-promovati-la-statutul-de-bunici","status":"publish","type":"product","link":"https:\/\/ananas.md\/ro\/gift\/cana-personalizata-numai-cei-mai-buni-tati-sunt-promovati-la-statutul-de-bunici\/","title":{"rendered":"Cana personalizat\u0103 &#8222;Numai cei mai buni ta\u021bi sunt promova\u021bi la statutul de bunici&#8221;."},"content":{"rendered":"<div class=\"flex max-w-full flex-col flex-grow\">\n<div class=\"min-h-8 text-message flex w-full flex-col items-end gap-2 whitespace-normal break-words [.text-message+&amp;]:mt-5\" dir=\"auto\" data-message-author-role=\"assistant\" data-message-id=\"d2bd63cf-cecc-40b7-9019-ccd7c5e1b1f4\">\n<div class=\"flex w-full flex-col gap-1 empty:hidden first:pt-[3px]\">\n<div class=\"markdown prose w-full break-words dark:prose-invert dark\">\n<p><strong>Imprimare:<\/strong> dubl\u0103<br \/>\n<strong>Capacitate:<\/strong> 330 ml<br \/>\n<strong>\u00cen\u0103l\u021bime:<\/strong> 9,5 cm<br \/>\n<strong>Diametru:<\/strong> 8,2 cm<br \/>\n<strong>Suprafa\u021b\u0103:<\/strong> Lucioas\u0103<br \/>\n<strong>Calitate:<\/strong> Grad A<br \/>\n<strong>Material:<\/strong> Ceramic\u0103<\/p>\n<p><strong>Not\u0103:<\/strong> Nuanta culorii produsului poate diferi fa\u021b\u0103 de cea prezentat\u0103 \u00een fotografie.<\/p>\n<\/div>\n<\/div>\n<\/div>\n<\/div>\n","protected":false},"excerpt":{"rendered":"<p>Cana personalizat\u0103 &#8222;Numai cei mai buni ta\u021bi sunt promova\u021bi la statutul de bunici&#8221;.<\/p>\n","protected":false},"featured_media":5569,"template":"","meta":{"_acf_changed":false},"product_brand":[],"product_cat":[889,240],"product_tag":[396,418,419],"class_list":{"0":"post-5568","1":"product","2":"type-product","3":"status-publish","4":"has-post-thumbnail","6":"product_cat-cani","7":"product_cat-aksessuary-dlya-prazdnikov","8":"product_tag-cadou","9":"product_tag-cana","10":"product_tag-cana-imprimata","12":"first","13":"instock","14":"shipping-taxable","15":"purchasable","16":"product-type-simple"},"acf":[],"aioseo_notices":[],"_links":{"self":[{"href":"https:\/\/ananas.md\/ro\/wp-json\/wp\/v2\/product\/5568","targetHints":{"allow":["GET"]}}],"collection":[{"href":"https:\/\/ananas.md\/ro\/wp-json\/wp\/v2\/product"}],"about":[{"href":"https:\/\/ananas.md\/ro\/wp-json\/wp\/v2\/types\/product"}],"wp:featuredmedia":[{"embeddable":true,"href":"https:\/\/ananas.md\/ro\/wp-json\/wp\/v2\/media\/5569"}],"wp:attachment":[{"href":"https:\/\/ananas.md\/ro\/wp-json\/wp\/v2\/media?parent=5568"}],"wp:term":[{"taxonomy":"product_brand","embeddable":true,"href":"https:\/\/ananas.md\/ro\/wp-json\/wp\/v2\/product_brand?post=5568"},{"taxonomy":"product_cat","embeddable":true,"href":"https:\/\/ananas.md\/ro\/wp-json\/wp\/v2\/product_cat?post=5568"},{"taxonomy":"product_tag","embeddable":true,"href":"https:\/\/ananas.md\/ro\/wp-json\/wp\/v2\/product_tag?post=5568"}],"curies":[{"name":"wp","href":"https:\/\/api.w.org\/{rel}","templated":true}]}}