{"id":5689,"date":"2024-10-09T10:00:32","date_gmt":"2024-10-09T07:00:32","guid":{"rendered":"https:\/\/ananas.md\/?post_type=product&#038;p=5689"},"modified":"2025-05-08T16:05:26","modified_gmt":"2025-05-08T13:05:26","slug":"cana-personalizata-cea-mai-buna-profesoara-din-lume-2","status":"publish","type":"product","link":"https:\/\/ananas.md\/ro\/gift\/cana-personalizata-cea-mai-buna-profesoara-din-lume-2\/","title":{"rendered":"Cana personalizat\u0103 &#8222;Cea mai bun\u0103 profesoar\u0103 din lume!&#8221;"},"content":{"rendered":"<p><strong>Imprimare:<\/strong> dubl\u0103<br \/>\n<strong>Capacitate:<\/strong> 330 ml<br \/>\n<strong>\u00cen\u0103l\u021bime:<\/strong> 9,5 cm<br \/>\n<strong>Diametru:<\/strong> 8,2 cm<br \/>\n<strong>Suprafa\u021b\u0103:<\/strong> Lucioas\u0103<br \/>\n<strong>Calitate:<\/strong> Grad A<br \/>\n<strong>Material:<\/strong> Ceramic\u0103<\/p>\n<p><strong>Not\u0103:<\/strong> Nuanta culorii produsului poate diferi fa\u021b\u0103 de cea prezentat\u0103 \u00een fotografie.<\/p>\n","protected":false},"excerpt":{"rendered":"<p>Cana personalizat\u0103 &#8222;Cea mai bun\u0103 profesoar\u0103 din lume!&#8221;.<\/p>\n","protected":false},"featured_media":5690,"template":"","meta":{"_acf_changed":false},"product_brand":[],"product_cat":[925,933,889,937,240],"product_tag":[396,418,419],"class_list":{"0":"post-5689","1":"product","2":"type-product","3":"status-publish","4":"has-post-thumbnail","6":"product_cat-1-septembrie","7":"product_cat-absolvire-ultimul-clopotel","8":"product_cat-cani","9":"product_cat-ziua-profesorului","10":"product_cat-aksessuary-dlya-prazdnikov","11":"product_tag-cadou","12":"product_tag-cana","13":"product_tag-cana-imprimata","15":"first","16":"instock","17":"shipping-taxable","18":"purchasable","19":"product-type-simple"},"acf":[],"aioseo_notices":[],"_links":{"self":[{"href":"https:\/\/ananas.md\/ro\/wp-json\/wp\/v2\/product\/5689","targetHints":{"allow":["GET"]}}],"collection":[{"href":"https:\/\/ananas.md\/ro\/wp-json\/wp\/v2\/product"}],"about":[{"href":"https:\/\/ananas.md\/ro\/wp-json\/wp\/v2\/types\/product"}],"wp:featuredmedia":[{"embeddable":true,"href":"https:\/\/ananas.md\/ro\/wp-json\/wp\/v2\/media\/5690"}],"wp:attachment":[{"href":"https:\/\/ananas.md\/ro\/wp-json\/wp\/v2\/media?parent=5689"}],"wp:term":[{"taxonomy":"product_brand","embeddable":true,"href":"https:\/\/ananas.md\/ro\/wp-json\/wp\/v2\/product_brand?post=5689"},{"taxonomy":"product_cat","embeddable":true,"href":"https:\/\/ananas.md\/ro\/wp-json\/wp\/v2\/product_cat?post=5689"},{"taxonomy":"product_tag","embeddable":true,"href":"https:\/\/ananas.md\/ro\/wp-json\/wp\/v2\/product_tag?post=5689"}],"curies":[{"name":"wp","href":"https:\/\/api.w.org\/{rel}","templated":true}]}}