{"id":5719,"date":"2024-10-09T10:18:40","date_gmt":"2024-10-09T07:18:40","guid":{"rendered":"https:\/\/ananas.md\/?post_type=product&#038;p=5719"},"modified":"2025-05-08T15:44:57","modified_gmt":"2025-05-08T12:44:57","slug":"cana-personalizata-tatal-are-intotdeauna-dreptate","status":"publish","type":"product","link":"https:\/\/ananas.md\/ro\/gift\/cana-personalizata-tatal-are-intotdeauna-dreptate\/","title":{"rendered":"Cana personalizat\u0103 &#8222;Tat\u0103l are \u00eentotdeauna dreptate&#8221;."},"content":{"rendered":"<p><strong>Imprimare:<\/strong> dubl\u0103<br \/>\n<strong>Capacitate:<\/strong> 330 ml<br \/>\n<strong>\u00cen\u0103l\u021bime:<\/strong> 9,5 cm<br \/>\n<strong>Diametru:<\/strong> 8,2 cm<br \/>\n<strong>Suprafa\u021b\u0103:<\/strong> Lucioas\u0103<br \/>\n<strong>Calitate:<\/strong> Grad A<br \/>\n<strong>Material:<\/strong> Ceramic\u0103<\/p>\n<p><strong>Not\u0103:<\/strong> Nuanta culorii produsului poate diferi fa\u021b\u0103 de cea prezentat\u0103 \u00een fotografie.<\/p>\n","protected":false},"excerpt":{"rendered":"<p>Cana personalizat\u0103 &#8222;Tat\u0103l are \u00eentotdeauna dreptate&#8221;.<\/p>\n","protected":false},"featured_media":5720,"template":"","meta":{"_acf_changed":false},"product_brand":[],"product_cat":[889,240],"product_tag":[396,418,419],"class_list":{"0":"post-5719","1":"product","2":"type-product","3":"status-publish","4":"has-post-thumbnail","6":"product_cat-cani","7":"product_cat-aksessuary-dlya-prazdnikov","8":"product_tag-cadou","9":"product_tag-cana","10":"product_tag-cana-imprimata","12":"first","13":"instock","14":"shipping-taxable","15":"purchasable","16":"product-type-simple"},"acf":[],"aioseo_notices":[],"_links":{"self":[{"href":"https:\/\/ananas.md\/ro\/wp-json\/wp\/v2\/product\/5719","targetHints":{"allow":["GET"]}}],"collection":[{"href":"https:\/\/ananas.md\/ro\/wp-json\/wp\/v2\/product"}],"about":[{"href":"https:\/\/ananas.md\/ro\/wp-json\/wp\/v2\/types\/product"}],"wp:featuredmedia":[{"embeddable":true,"href":"https:\/\/ananas.md\/ro\/wp-json\/wp\/v2\/media\/5720"}],"wp:attachment":[{"href":"https:\/\/ananas.md\/ro\/wp-json\/wp\/v2\/media?parent=5719"}],"wp:term":[{"taxonomy":"product_brand","embeddable":true,"href":"https:\/\/ananas.md\/ro\/wp-json\/wp\/v2\/product_brand?post=5719"},{"taxonomy":"product_cat","embeddable":true,"href":"https:\/\/ananas.md\/ro\/wp-json\/wp\/v2\/product_cat?post=5719"},{"taxonomy":"product_tag","embeddable":true,"href":"https:\/\/ananas.md\/ro\/wp-json\/wp\/v2\/product_tag?post=5719"}],"curies":[{"name":"wp","href":"https:\/\/api.w.org\/{rel}","templated":true}]}}