{"id":5849,"date":"2024-10-09T13:25:16","date_gmt":"2024-10-09T10:25:16","guid":{"rendered":"https:\/\/ananas.md\/?post_type=product&#038;p=5849"},"modified":"2025-05-08T15:34:45","modified_gmt":"2025-05-08T12:34:45","slug":"poster-in-rama-familia","status":"publish","type":"product","link":"https:\/\/ananas.md\/ro\/gift\/poster-in-rama-familia\/","title":{"rendered":"Poster \u00een ram\u0103 &#8222;Familia&#8221;"},"content":{"rendered":"<p>Dimensiune: A4<br \/>\nNot\u0103: Nuanta culorii produsului poate diferi fa\u021b\u0103 de cea prezentat\u0103 \u00een fotografie.<\/p>\n","protected":false},"excerpt":{"rendered":"<p>Poster pe h\u00e2rtie foto \u00een ram\u0103 sub sticl\u0103.<\/p>\n","protected":false},"featured_media":5850,"template":"","meta":{"_acf_changed":false},"product_brand":[],"product_cat":[896,240],"product_tag":[613,615,612,614],"class_list":{"0":"post-5849","1":"product","2":"type-product","3":"status-publish","4":"has-post-thumbnail","6":"product_cat-postere-cu-design","7":"product_cat-aksessuary-dlya-prazdnikov","8":"product_tag-rama","9":"product_tag-sticla","10":"product_tag-tablou","11":"product_tag-tablou-in-rama","13":"first","14":"instock","15":"shipping-taxable","16":"purchasable","17":"product-type-simple"},"acf":[],"aioseo_notices":[],"_links":{"self":[{"href":"https:\/\/ananas.md\/ro\/wp-json\/wp\/v2\/product\/5849","targetHints":{"allow":["GET"]}}],"collection":[{"href":"https:\/\/ananas.md\/ro\/wp-json\/wp\/v2\/product"}],"about":[{"href":"https:\/\/ananas.md\/ro\/wp-json\/wp\/v2\/types\/product"}],"wp:featuredmedia":[{"embeddable":true,"href":"https:\/\/ananas.md\/ro\/wp-json\/wp\/v2\/media\/5850"}],"wp:attachment":[{"href":"https:\/\/ananas.md\/ro\/wp-json\/wp\/v2\/media?parent=5849"}],"wp:term":[{"taxonomy":"product_brand","embeddable":true,"href":"https:\/\/ananas.md\/ro\/wp-json\/wp\/v2\/product_brand?post=5849"},{"taxonomy":"product_cat","embeddable":true,"href":"https:\/\/ananas.md\/ro\/wp-json\/wp\/v2\/product_cat?post=5849"},{"taxonomy":"product_tag","embeddable":true,"href":"https:\/\/ananas.md\/ro\/wp-json\/wp\/v2\/product_tag?post=5849"}],"curies":[{"name":"wp","href":"https:\/\/api.w.org\/{rel}","templated":true}]}}