{"id":6296,"date":"2024-10-12T16:17:33","date_gmt":"2024-10-12T13:17:33","guid":{"rendered":"https:\/\/ananas.md\/?post_type=product&#038;p=6296"},"modified":"2025-05-08T16:15:08","modified_gmt":"2025-05-08T13:15:08","slug":"cortina-de-ploaie-14","status":"publish","type":"product","link":"https:\/\/ananas.md\/ro\/gift\/cortina-de-ploaie-14\/","title":{"rendered":"&#8222;Cortin\u0103 de ploaie&#8221;"},"content":{"rendered":"<p>Lungime: 2 m<br \/>\nL\u0103\u021bime: 1 m<br \/>\nMaterial: folie<br \/>\nMetod\u0103 de fixare: se fixeaz\u0103 \u0219i se \u00eendep\u0103rteaz\u0103 u\u0219or datorit\u0103 benzii adezive double-sided de pe baz\u0103<br \/>\nNot\u0103: Nuanta culorii produsului poate diferi de cea prezentat\u0103 \u00een fotografie.<\/p>\n","protected":false},"excerpt":{"rendered":"<p>Cortina de ploaie pentru zona foto este perfect\u0103 \u0219i va \u00eenfrumuse\u021ba orice eveniment! Aceast\u0103 cortin\u0103 de ploaie va oferi fotografii \u0219i amintiri de neuitat. Cu o astfel de cortin\u0103, urm\u0103torul t\u0103u eveniment va str\u0103luci \u00een culori noi, l\u0103s\u00e2nd amintiri de durat\u0103!<\/p>\n","protected":false},"featured_media":6297,"template":"","meta":{"_acf_changed":false},"product_brand":[],"product_cat":[941,240],"product_tag":[],"class_list":{"0":"post-6296","1":"product","2":"type-product","3":"status-publish","4":"has-post-thumbnail","6":"product_cat-cortina-de-ploaie","7":"product_cat-aksessuary-dlya-prazdnikov","9":"first","10":"instock","11":"shipping-taxable","12":"purchasable","13":"product-type-simple"},"acf":[],"aioseo_notices":[],"_links":{"self":[{"href":"https:\/\/ananas.md\/ro\/wp-json\/wp\/v2\/product\/6296","targetHints":{"allow":["GET"]}}],"collection":[{"href":"https:\/\/ananas.md\/ro\/wp-json\/wp\/v2\/product"}],"about":[{"href":"https:\/\/ananas.md\/ro\/wp-json\/wp\/v2\/types\/product"}],"wp:featuredmedia":[{"embeddable":true,"href":"https:\/\/ananas.md\/ro\/wp-json\/wp\/v2\/media\/6297"}],"wp:attachment":[{"href":"https:\/\/ananas.md\/ro\/wp-json\/wp\/v2\/media?parent=6296"}],"wp:term":[{"taxonomy":"product_brand","embeddable":true,"href":"https:\/\/ananas.md\/ro\/wp-json\/wp\/v2\/product_brand?post=6296"},{"taxonomy":"product_cat","embeddable":true,"href":"https:\/\/ananas.md\/ro\/wp-json\/wp\/v2\/product_cat?post=6296"},{"taxonomy":"product_tag","embeddable":true,"href":"https:\/\/ananas.md\/ro\/wp-json\/wp\/v2\/product_tag?post=6296"}],"curies":[{"name":"wp","href":"https:\/\/api.w.org\/{rel}","templated":true}]}}