{"id":6525,"date":"2024-10-18T15:39:39","date_gmt":"2024-10-18T12:39:39","guid":{"rendered":"https:\/\/ananas.md\/?post_type=product&#038;p=6525"},"modified":"2024-10-18T15:40:41","modified_gmt":"2024-10-18T12:40:41","slug":"cupa-cu-inscriptia-la-multi-ani-nastia","status":"publish","type":"product","link":"https:\/\/ananas.md\/ro\/gift\/cupa-cu-inscriptia-la-multi-ani-nastia\/","title":{"rendered":"Cupa cu inscrip\u021bia &#8222;La mul\u021bi ani! Nastia&#8221;."},"content":{"rendered":"<p><strong>Imprimare:<\/strong> dubl\u0103<br \/>\n<strong>Capacitate:<\/strong> 330 ml<br \/>\n<strong>\u00cen\u0103l\u021bime:<\/strong> 9,5 cm<br \/>\n<strong>Diametru:<\/strong> 8,2 cm<br \/>\n<strong>Suprafa\u021b\u0103:<\/strong> Lucioas\u0103<br \/>\n<strong>Calitate:<\/strong> Grad A<br \/>\n<strong>Material:<\/strong> Ceramic\u0103<\/p>\n<p><strong>Not\u0103:<\/strong> Nuanta culorii produsului poate diferi fa\u021b\u0103 de cea prezentat\u0103 \u00een fotografie.<\/p>\n","protected":false},"excerpt":{"rendered":"<p>Cupa cu inscrip\u021bia &#8222;La mul\u021bi ani! Nastia&#8221;.<\/p>\n","protected":false},"featured_media":6526,"template":"","meta":{"_acf_changed":false},"product_brand":[],"product_cat":[240],"product_tag":[396,418,419],"class_list":{"0":"post-6525","1":"product","2":"type-product","3":"status-publish","4":"has-post-thumbnail","6":"product_cat-aksessuary-dlya-prazdnikov","7":"product_tag-cadou","8":"product_tag-cana","9":"product_tag-cana-imprimata","11":"first","12":"instock","13":"shipping-taxable","14":"purchasable","15":"product-type-simple"},"acf":[],"aioseo_notices":[],"_links":{"self":[{"href":"https:\/\/ananas.md\/ro\/wp-json\/wp\/v2\/product\/6525","targetHints":{"allow":["GET"]}}],"collection":[{"href":"https:\/\/ananas.md\/ro\/wp-json\/wp\/v2\/product"}],"about":[{"href":"https:\/\/ananas.md\/ro\/wp-json\/wp\/v2\/types\/product"}],"wp:featuredmedia":[{"embeddable":true,"href":"https:\/\/ananas.md\/ro\/wp-json\/wp\/v2\/media\/6526"}],"wp:attachment":[{"href":"https:\/\/ananas.md\/ro\/wp-json\/wp\/v2\/media?parent=6525"}],"wp:term":[{"taxonomy":"product_brand","embeddable":true,"href":"https:\/\/ananas.md\/ro\/wp-json\/wp\/v2\/product_brand?post=6525"},{"taxonomy":"product_cat","embeddable":true,"href":"https:\/\/ananas.md\/ro\/wp-json\/wp\/v2\/product_cat?post=6525"},{"taxonomy":"product_tag","embeddable":true,"href":"https:\/\/ananas.md\/ro\/wp-json\/wp\/v2\/product_tag?post=6525"}],"curies":[{"name":"wp","href":"https:\/\/api.w.org\/{rel}","templated":true}]}}