{"id":6659,"date":"2024-10-24T11:24:34","date_gmt":"2024-10-24T08:24:34","guid":{"rendered":"https:\/\/ananas.md\/?post_type=product&#038;p=6659"},"modified":"2025-05-08T15:39:34","modified_gmt":"2025-05-08T12:39:34","slug":"card-de-ciocolata-la-multi-ani-8","status":"publish","type":"product","link":"https:\/\/ananas.md\/ro\/gift\/card-de-ciocolata-la-multi-ani-8\/","title":{"rendered":"Card de ciocolat\u0103 &#8222;La mul\u021bi ani!&#8221;"},"content":{"rendered":"<p>12 bomboane cu design<\/p>\n<p>Dimensiune: 9\u00d713 cm<\/p>\n<p>Greutate: 90 g<\/p>\n<p>Gust: ciocolat\u0103 cu lapte<\/p>\n<p>\u25cf Produse perisabile<br \/>\nV\u0103 rug\u0103m s\u0103 re\u021bine\u021bi c\u0103 produsele perisabile, cum ar fi fructele proaspete, legumele, carnea, ciocolata, produsele lactate \u0219i alte articole, pot s\u0103 \u00ee\u0219i piard\u0103 calitatea \u00een timpul livr\u0103rii prelungite, \u00een special \u00een condi\u021bii de temperaturi ridicate. V\u0103 recomand\u0103m s\u0103 alege\u021bi ridicarea personal\u0103 sau servicii speciale de curierat pentru a reduce timpul de livrare \u0219i a asigura prospe\u021bimea maxim\u0103 a produselor. Cu toate acestea, \u00een ciuda eforturilor noastre de a asigura condi\u021bii adecvate de transport, nu putem garanta integritatea produselor la primire.<\/p>\n<p>&nbsp;<\/p>\n","protected":false},"excerpt":{"rendered":"<p>Design pe partea exterioar\u0103 \u0219i interioar\u0103 a capacului<\/p>\n","protected":false},"featured_media":6660,"template":"","meta":{"_acf_changed":false},"product_brand":[],"product_cat":[902,240],"product_tag":[563,396,568,391,409,495,706,567],"class_list":{"0":"post-6659","1":"product","2":"type-product","3":"status-publish","4":"has-post-thumbnail","6":"product_cat-ciocolata-cu-design","7":"product_cat-aksessuary-dlya-prazdnikov","8":"product_tag-anul-nou","9":"product_tag-cadou","10":"product_tag-cadouri","11":"product_tag-ciocolata","12":"product_tag-ciocolata-cu-lapte","13":"product_tag-copii","14":"product_tag-dulciuri","15":"product_tag-familie","17":"first","18":"instock","19":"shipping-taxable","20":"purchasable","21":"product-type-simple"},"acf":[],"aioseo_notices":[],"_links":{"self":[{"href":"https:\/\/ananas.md\/ro\/wp-json\/wp\/v2\/product\/6659","targetHints":{"allow":["GET"]}}],"collection":[{"href":"https:\/\/ananas.md\/ro\/wp-json\/wp\/v2\/product"}],"about":[{"href":"https:\/\/ananas.md\/ro\/wp-json\/wp\/v2\/types\/product"}],"wp:featuredmedia":[{"embeddable":true,"href":"https:\/\/ananas.md\/ro\/wp-json\/wp\/v2\/media\/6660"}],"wp:attachment":[{"href":"https:\/\/ananas.md\/ro\/wp-json\/wp\/v2\/media?parent=6659"}],"wp:term":[{"taxonomy":"product_brand","embeddable":true,"href":"https:\/\/ananas.md\/ro\/wp-json\/wp\/v2\/product_brand?post=6659"},{"taxonomy":"product_cat","embeddable":true,"href":"https:\/\/ananas.md\/ro\/wp-json\/wp\/v2\/product_cat?post=6659"},{"taxonomy":"product_tag","embeddable":true,"href":"https:\/\/ananas.md\/ro\/wp-json\/wp\/v2\/product_tag?post=6659"}],"curies":[{"name":"wp","href":"https:\/\/api.w.org\/{rel}","templated":true}]}}