{"id":6773,"date":"2024-10-24T16:07:24","date_gmt":"2024-10-24T13:07:24","guid":{"rendered":"https:\/\/ananas.md\/?post_type=product&#038;p=6773"},"modified":"2025-05-08T15:39:32","modified_gmt":"2025-05-08T12:39:32","slug":"carte-de-ciocolata-pentru-iubitul-meu","status":"publish","type":"product","link":"https:\/\/ananas.md\/ro\/gift\/carte-de-ciocolata-pentru-iubitul-meu\/","title":{"rendered":"Carte de ciocolat\u0103 &#8222;Pentru iubitul meu&#8221;"},"content":{"rendered":"<div class=\"flex max-w-full flex-col flex-grow\">\n<div class=\"min-h-8 text-message flex w-full flex-col items-end gap-2 whitespace-normal break-words [.text-message+&amp;]:mt-5\" dir=\"auto\" data-message-author-role=\"assistant\" data-message-id=\"c18f7de7-b02b-4c71-887f-38ccd3a9437f\">\n<div class=\"flex w-full flex-col gap-1 empty:hidden first:pt-[3px]\">\n<div class=\"markdown prose w-full break-words dark:prose-invert dark\">\n<h3>Dimensiune: 9\u00d713 cm<\/h3>\n<ul>\n<li><strong>Design:<\/strong> pe exteriorul \u0219i interiorul capacului<\/li>\n<li><strong>Num\u0103r de bomboane:<\/strong> 12 cu design<\/li>\n<li><strong>Greutate:<\/strong> 90 g<\/li>\n<li><strong>Gust:<\/strong> ciocolat\u0103 cu lapte<\/li>\n<\/ul>\n<hr \/>\n<h3>Produse perisabile<\/h3>\n<p>V\u0103 rug\u0103m s\u0103 re\u021bine\u021bi c\u0103 produsele perisabile, cum ar fi fructele proaspete, legumele, carnea, ciocolata, produsele lactate \u0219i alte articole, pot suferi o deteriorare a calit\u0103\u021bii \u00een timpul livr\u0103rii \u00eendelungate, mai ales \u00een condi\u021bii de temperatur\u0103 ridicat\u0103. Recomand\u0103m alegerea op\u021biunii de auto-colectare sau a serviciilor de curierat speciale pentru a reduce timpul de transport \u0219i a asigura prospe\u021bimea maxim\u0103 a produselor. Totu\u0219i, \u00een ciuda eforturilor noastre de a asigura condi\u021bii adecvate de transport, nu putem garanta integritatea produselor la primire.<\/p>\n<\/div>\n<\/div>\n<\/div>\n<\/div>\n","protected":false},"excerpt":{"rendered":"<ul>\n<li><strong>Design:<\/strong> pe exteriorul \u0219i interiorul capacului<\/li>\n<\/ul>\n","protected":false},"featured_media":6774,"template":"","meta":{"_acf_changed":false},"product_brand":[],"product_cat":[902,240],"product_tag":[624,391,409],"class_list":{"0":"post-6773","1":"product","2":"type-product","3":"status-publish","4":"has-post-thumbnail","6":"product_cat-ciocolata-cu-design","7":"product_cat-aksessuary-dlya-prazdnikov","8":"product_tag-carte","9":"product_tag-ciocolata","10":"product_tag-ciocolata-cu-lapte","12":"first","13":"instock","14":"shipping-taxable","15":"purchasable","16":"product-type-simple"},"acf":[],"aioseo_notices":[],"_links":{"self":[{"href":"https:\/\/ananas.md\/ro\/wp-json\/wp\/v2\/product\/6773","targetHints":{"allow":["GET"]}}],"collection":[{"href":"https:\/\/ananas.md\/ro\/wp-json\/wp\/v2\/product"}],"about":[{"href":"https:\/\/ananas.md\/ro\/wp-json\/wp\/v2\/types\/product"}],"wp:featuredmedia":[{"embeddable":true,"href":"https:\/\/ananas.md\/ro\/wp-json\/wp\/v2\/media\/6774"}],"wp:attachment":[{"href":"https:\/\/ananas.md\/ro\/wp-json\/wp\/v2\/media?parent=6773"}],"wp:term":[{"taxonomy":"product_brand","embeddable":true,"href":"https:\/\/ananas.md\/ro\/wp-json\/wp\/v2\/product_brand?post=6773"},{"taxonomy":"product_cat","embeddable":true,"href":"https:\/\/ananas.md\/ro\/wp-json\/wp\/v2\/product_cat?post=6773"},{"taxonomy":"product_tag","embeddable":true,"href":"https:\/\/ananas.md\/ro\/wp-json\/wp\/v2\/product_tag?post=6773"}],"curies":[{"name":"wp","href":"https:\/\/api.w.org\/{rel}","templated":true}]}}