{"id":6777,"date":"2024-10-24T16:26:52","date_gmt":"2024-10-24T13:26:52","guid":{"rendered":"https:\/\/ananas.md\/?post_type=product&#038;p=6777"},"modified":"2024-10-24T16:28:22","modified_gmt":"2024-10-24T13:28:22","slug":"rama-din-sticla-pe-baza-de-lemn-la-multi-ani","status":"publish","type":"product","link":"https:\/\/ananas.md\/ro\/gift\/rama-din-sticla-pe-baza-de-lemn-la-multi-ani\/","title":{"rendered":"Rama din sticl\u0103 pe baz\u0103 de lemn &#8222;La mul\u021bi ani!&#8221;"},"content":{"rendered":"<div class=\"flex max-w-full flex-col flex-grow\">\n<div class=\"min-h-8 text-message flex w-full flex-col items-end gap-2 whitespace-normal break-words [.text-message+&amp;]:mt-5\" dir=\"auto\" data-message-author-role=\"assistant\" data-message-id=\"c18f7de7-b02b-4c71-887f-38ccd3a9437f\">\n<div class=\"flex w-full flex-col gap-1 empty:hidden first:pt-[3px]\">\n<div class=\"markdown prose w-full break-words dark:prose-invert dark\">\n<h3>Material: Sticl\u0103 securizat\u0103, pe baz\u0103 de lemn<br \/>\n\u00cen\u0103l\u021bime: 178 mm<br \/>\nLungime: 122 mm<br \/>\nGrosime: 3 mm<br \/>\nImprimare: Imprimare foto pe sticl\u0103<br \/>\nNot\u0103: Nuanta de culoare a produsului poate diferi fa\u021b\u0103 de cea prezentat\u0103 \u00een fotografie.<\/h3>\n<\/div>\n<\/div>\n<\/div>\n<\/div>\n","protected":false},"excerpt":{"rendered":"<p>Material: Sticl\u0103 securizat\u0103, pe baz\u0103 de lemn \u00cen\u0103l\u021bime: 178 mm Lungime: 122 mm Grosime: 3 mm Imprimare: Imprimare foto pe sticl\u0103 Not\u0103: Nuanta de culoare a produsului poate diferi fa\u021b\u0103 de cea prezentat\u0103 \u00een fotografie.<\/p>\n","protected":false},"featured_media":6778,"template":"","meta":{"_acf_changed":false},"product_brand":[],"product_cat":[240],"product_tag":[624,391,409],"class_list":{"0":"post-6777","1":"product","2":"type-product","3":"status-publish","4":"has-post-thumbnail","6":"product_cat-aksessuary-dlya-prazdnikov","7":"product_tag-carte","8":"product_tag-ciocolata","9":"product_tag-ciocolata-cu-lapte","11":"first","12":"instock","13":"shipping-taxable","14":"purchasable","15":"product-type-simple"},"acf":[],"aioseo_notices":[],"_links":{"self":[{"href":"https:\/\/ananas.md\/ro\/wp-json\/wp\/v2\/product\/6777","targetHints":{"allow":["GET"]}}],"collection":[{"href":"https:\/\/ananas.md\/ro\/wp-json\/wp\/v2\/product"}],"about":[{"href":"https:\/\/ananas.md\/ro\/wp-json\/wp\/v2\/types\/product"}],"wp:featuredmedia":[{"embeddable":true,"href":"https:\/\/ananas.md\/ro\/wp-json\/wp\/v2\/media\/6778"}],"wp:attachment":[{"href":"https:\/\/ananas.md\/ro\/wp-json\/wp\/v2\/media?parent=6777"}],"wp:term":[{"taxonomy":"product_brand","embeddable":true,"href":"https:\/\/ananas.md\/ro\/wp-json\/wp\/v2\/product_brand?post=6777"},{"taxonomy":"product_cat","embeddable":true,"href":"https:\/\/ananas.md\/ro\/wp-json\/wp\/v2\/product_cat?post=6777"},{"taxonomy":"product_tag","embeddable":true,"href":"https:\/\/ananas.md\/ro\/wp-json\/wp\/v2\/product_tag?post=6777"}],"curies":[{"name":"wp","href":"https:\/\/api.w.org\/{rel}","templated":true}]}}