{"id":6781,"date":"2024-10-24T16:30:02","date_gmt":"2024-10-24T13:30:02","guid":{"rendered":"https:\/\/ananas.md\/?post_type=product&#038;p=6781"},"modified":"2025-05-08T16:45:38","modified_gmt":"2025-05-08T13:45:38","slug":"rama-din-sticla-mama","status":"publish","type":"product","link":"https:\/\/ananas.md\/ro\/gift\/rama-din-sticla-mama\/","title":{"rendered":"Rama din sticl\u0103 &#8222;Mama&#8221;"},"content":{"rendered":"<div class=\"flex max-w-full flex-col flex-grow\">\n<div class=\"min-h-8 text-message flex w-full flex-col items-end gap-2 whitespace-normal break-words [.text-message+&amp;]:mt-5\" dir=\"auto\" data-message-author-role=\"assistant\" data-message-id=\"c18f7de7-b02b-4c71-887f-38ccd3a9437f\">\n<div class=\"flex w-full flex-col gap-1 empty:hidden first:pt-[3px]\">\n<div class=\"markdown prose w-full break-words dark:prose-invert dark\">\n<h3>Tip: Rama din sticl\u0103 pentru sublimare<br \/>\nMaterial: Sticl\u0103 securizat\u0103<br \/>\n\u00cen\u0103l\u021bime: 200 mm<br \/>\nLungime: 150 mm<br \/>\nGrosime: 3 mm<br \/>\nImprimare: Imprimare foto pe sticl\u0103<br \/>\nSuport: Picior metalic<br \/>\nNot\u0103: Nuanta de culoare a produsului poate diferi fa\u021b\u0103 de cea prezentat\u0103 \u00een fotografie.<\/h3>\n<\/div>\n<\/div>\n<\/div>\n<\/div>\n","protected":false},"excerpt":{"rendered":"<p>Tip: Rama din sticl\u0103 pentru sublimare Material: Sticl\u0103 securizat\u0103 \u00cen\u0103l\u021bime: 200 mm Lungime: 150 mm Grosime: 3 mm Imprimare: Imprimare foto pe sticl\u0103 Suport: Picior metalic Not\u0103: Nuanta de culoare a produsului poate diferi fa\u021b\u0103 de cea prezentat\u0103 \u00een fotografie.<\/p>\n","protected":false},"featured_media":6782,"template":"","meta":{"_acf_changed":false},"product_brand":[],"product_cat":[927,240],"product_tag":[624,391,409],"class_list":{"0":"post-6781","1":"product","2":"type-product","3":"status-publish","4":"has-post-thumbnail","6":"product_cat-8-martie","7":"product_cat-aksessuary-dlya-prazdnikov","8":"product_tag-carte","9":"product_tag-ciocolata","10":"product_tag-ciocolata-cu-lapte","12":"first","13":"instock","14":"shipping-taxable","15":"purchasable","16":"product-type-simple"},"acf":[],"aioseo_notices":[],"_links":{"self":[{"href":"https:\/\/ananas.md\/ro\/wp-json\/wp\/v2\/product\/6781","targetHints":{"allow":["GET"]}}],"collection":[{"href":"https:\/\/ananas.md\/ro\/wp-json\/wp\/v2\/product"}],"about":[{"href":"https:\/\/ananas.md\/ro\/wp-json\/wp\/v2\/types\/product"}],"wp:featuredmedia":[{"embeddable":true,"href":"https:\/\/ananas.md\/ro\/wp-json\/wp\/v2\/media\/6782"}],"wp:attachment":[{"href":"https:\/\/ananas.md\/ro\/wp-json\/wp\/v2\/media?parent=6781"}],"wp:term":[{"taxonomy":"product_brand","embeddable":true,"href":"https:\/\/ananas.md\/ro\/wp-json\/wp\/v2\/product_brand?post=6781"},{"taxonomy":"product_cat","embeddable":true,"href":"https:\/\/ananas.md\/ro\/wp-json\/wp\/v2\/product_cat?post=6781"},{"taxonomy":"product_tag","embeddable":true,"href":"https:\/\/ananas.md\/ro\/wp-json\/wp\/v2\/product_tag?post=6781"}],"curies":[{"name":"wp","href":"https:\/\/api.w.org\/{rel}","templated":true}]}}