{"id":6785,"date":"2024-10-24T16:35:00","date_gmt":"2024-10-24T13:35:00","guid":{"rendered":"https:\/\/ananas.md\/?post_type=product&#038;p=6785"},"modified":"2025-05-08T15:31:05","modified_gmt":"2025-05-08T12:31:05","slug":"magnet-pentru-frigider-te-iubesc","status":"publish","type":"product","link":"https:\/\/ananas.md\/ro\/gift\/magnet-pentru-frigider-te-iubesc\/","title":{"rendered":"Magnet pentru frigider &#8222;Te iubesc!&#8221;"},"content":{"rendered":"<p>Material: DVP<br \/>\nForm\u0103: Dreptunghiular\u0103<br \/>\nL\u0103\u021bime: 70 mm<br \/>\nLungime: 90 mm<br \/>\nGrosime: 3 mm<br \/>\nAplicarea imaginii: Sublimare<br \/>\nNot\u0103: Nuanta de culoare a produsului poate diferi fa\u021b\u0103 de cea prezentat\u0103 \u00een fotografie.<\/p>\n","protected":false},"excerpt":{"rendered":"<p>Material: DVP Form\u0103: Dreptunghiular\u0103 L\u0103\u021bime: 70 mm Lungime: 90 mm Grosime: 3 mm Aplicarea imaginii: Sublimare Not\u0103: Nuanta de culoare a produsului poate diferi fa\u021b\u0103 de cea prezentat\u0103 \u00een fotografie.<\/p>\n","protected":false},"featured_media":6786,"template":"","meta":{"_acf_changed":false},"product_brand":[],"product_cat":[890,240],"product_tag":[],"class_list":{"0":"post-6785","1":"product","2":"type-product","3":"status-publish","4":"has-post-thumbnail","6":"product_cat-magneti","7":"product_cat-aksessuary-dlya-prazdnikov","9":"first","10":"instock","11":"shipping-taxable","12":"purchasable","13":"product-type-simple"},"acf":[],"aioseo_notices":[],"_links":{"self":[{"href":"https:\/\/ananas.md\/ro\/wp-json\/wp\/v2\/product\/6785","targetHints":{"allow":["GET"]}}],"collection":[{"href":"https:\/\/ananas.md\/ro\/wp-json\/wp\/v2\/product"}],"about":[{"href":"https:\/\/ananas.md\/ro\/wp-json\/wp\/v2\/types\/product"}],"wp:featuredmedia":[{"embeddable":true,"href":"https:\/\/ananas.md\/ro\/wp-json\/wp\/v2\/media\/6786"}],"wp:attachment":[{"href":"https:\/\/ananas.md\/ro\/wp-json\/wp\/v2\/media?parent=6785"}],"wp:term":[{"taxonomy":"product_brand","embeddable":true,"href":"https:\/\/ananas.md\/ro\/wp-json\/wp\/v2\/product_brand?post=6785"},{"taxonomy":"product_cat","embeddable":true,"href":"https:\/\/ananas.md\/ro\/wp-json\/wp\/v2\/product_cat?post=6785"},{"taxonomy":"product_tag","embeddable":true,"href":"https:\/\/ananas.md\/ro\/wp-json\/wp\/v2\/product_tag?post=6785"}],"curies":[{"name":"wp","href":"https:\/\/api.w.org\/{rel}","templated":true}]}}