{"id":6789,"date":"2024-10-24T16:37:07","date_gmt":"2024-10-24T13:37:07","guid":{"rendered":"https:\/\/ananas.md\/?post_type=product&#038;p=6789"},"modified":"2025-05-08T15:31:05","modified_gmt":"2025-05-08T12:31:05","slug":"magnet-pentru-frigider-reginele-se-nasc-in-decembrie","status":"publish","type":"product","link":"https:\/\/ananas.md\/ro\/gift\/magnet-pentru-frigider-reginele-se-nasc-in-decembrie\/","title":{"rendered":"Magnet pentru frigider &#8222;Reginele se nasc \u00een decembrie&#8221;"},"content":{"rendered":"<p>Material: DVP<br \/>\nForm\u0103: Rotund\u0103<br \/>\nDiametru: 95 mm<br \/>\nGrosime: 3 mm<br \/>\nAplicarea imprim\u0103rii: Sublimare<br \/>\nNot\u0103: Nuanta de culoare a produsului poate diferi fa\u021b\u0103 de cea prezentat\u0103 \u00een fotografie.<\/p>\n","protected":false},"excerpt":{"rendered":"<p>Material: DVP Form\u0103: Rotund\u0103 Diametru: 95 mm Grosime: 3 mm Aplicarea imprim\u0103rii: Sublimare Not\u0103: Nuanta de culoare a produsului poate diferi fa\u021b\u0103 de cea prezentat\u0103 \u00een fotografie.<\/p>\n","protected":false},"featured_media":6790,"template":"","meta":{"_acf_changed":false},"product_brand":[],"product_cat":[890,240],"product_tag":[],"class_list":{"0":"post-6789","1":"product","2":"type-product","3":"status-publish","4":"has-post-thumbnail","6":"product_cat-magneti","7":"product_cat-aksessuary-dlya-prazdnikov","9":"first","10":"instock","11":"shipping-taxable","12":"purchasable","13":"product-type-simple"},"acf":[],"aioseo_notices":[],"_links":{"self":[{"href":"https:\/\/ananas.md\/ro\/wp-json\/wp\/v2\/product\/6789","targetHints":{"allow":["GET"]}}],"collection":[{"href":"https:\/\/ananas.md\/ro\/wp-json\/wp\/v2\/product"}],"about":[{"href":"https:\/\/ananas.md\/ro\/wp-json\/wp\/v2\/types\/product"}],"wp:featuredmedia":[{"embeddable":true,"href":"https:\/\/ananas.md\/ro\/wp-json\/wp\/v2\/media\/6790"}],"wp:attachment":[{"href":"https:\/\/ananas.md\/ro\/wp-json\/wp\/v2\/media?parent=6789"}],"wp:term":[{"taxonomy":"product_brand","embeddable":true,"href":"https:\/\/ananas.md\/ro\/wp-json\/wp\/v2\/product_brand?post=6789"},{"taxonomy":"product_cat","embeddable":true,"href":"https:\/\/ananas.md\/ro\/wp-json\/wp\/v2\/product_cat?post=6789"},{"taxonomy":"product_tag","embeddable":true,"href":"https:\/\/ananas.md\/ro\/wp-json\/wp\/v2\/product_tag?post=6789"}],"curies":[{"name":"wp","href":"https:\/\/api.w.org\/{rel}","templated":true}]}}