{"id":6869,"date":"2024-10-25T10:07:24","date_gmt":"2024-10-25T07:07:24","guid":{"rendered":"https:\/\/ananas.md\/?post_type=product&#038;p=6869"},"modified":"2025-05-08T15:42:17","modified_gmt":"2025-05-08T12:42:17","slug":"breloc-2","status":"publish","type":"product","link":"https:\/\/ananas.md\/ro\/gift\/breloc-2\/","title":{"rendered":"Breloc"},"content":{"rendered":"<p>Dimensiune breloc: \u203c\ufe0f<br \/>\nMaterial: Plastic<\/p>\n<p>Not\u0103: Nuanta de culoare a produsului poate diferi fa\u021b\u0103 de cea prezentat\u0103 \u00een fotografie.<\/p>\n","protected":false},"excerpt":{"rendered":"<p>Dimensiune breloc: \u203c\ufe0f Material: Plastic Not\u0103: Nuanta de culoare a produsului poate diferi fa\u021b\u0103 de cea prezentat\u0103 \u00een fotografie.<\/p>\n","protected":false},"featured_media":6870,"template":"","meta":{"_acf_changed":false},"product_brand":[],"product_cat":[886,240],"product_tag":[],"class_list":{"0":"post-6869","1":"product","2":"type-product","3":"status-publish","4":"has-post-thumbnail","6":"product_cat-breloace","7":"product_cat-aksessuary-dlya-prazdnikov","9":"first","10":"instock","11":"shipping-taxable","12":"purchasable","13":"product-type-simple"},"acf":[],"aioseo_notices":[],"_links":{"self":[{"href":"https:\/\/ananas.md\/ro\/wp-json\/wp\/v2\/product\/6869","targetHints":{"allow":["GET"]}}],"collection":[{"href":"https:\/\/ananas.md\/ro\/wp-json\/wp\/v2\/product"}],"about":[{"href":"https:\/\/ananas.md\/ro\/wp-json\/wp\/v2\/types\/product"}],"wp:featuredmedia":[{"embeddable":true,"href":"https:\/\/ananas.md\/ro\/wp-json\/wp\/v2\/media\/6870"}],"wp:attachment":[{"href":"https:\/\/ananas.md\/ro\/wp-json\/wp\/v2\/media?parent=6869"}],"wp:term":[{"taxonomy":"product_brand","embeddable":true,"href":"https:\/\/ananas.md\/ro\/wp-json\/wp\/v2\/product_brand?post=6869"},{"taxonomy":"product_cat","embeddable":true,"href":"https:\/\/ananas.md\/ro\/wp-json\/wp\/v2\/product_cat?post=6869"},{"taxonomy":"product_tag","embeddable":true,"href":"https:\/\/ananas.md\/ro\/wp-json\/wp\/v2\/product_tag?post=6869"}],"curies":[{"name":"wp","href":"https:\/\/api.w.org\/{rel}","templated":true}]}}