{"id":6983,"date":"2024-10-27T14:41:37","date_gmt":"2024-10-27T12:41:37","guid":{"rendered":"https:\/\/ananas.md\/?post_type=product&#038;p=6983"},"modified":"2025-05-08T15:27:04","modified_gmt":"2025-05-08T12:27:04","slug":"pahar-de-vin-7","status":"publish","type":"product","link":"https:\/\/ananas.md\/ro\/gift\/pahar-de-vin-7\/","title":{"rendered":"Pahar de vin"},"content":{"rendered":"<p><strong>Volum:<\/strong> \u203c\ufe0f<br \/>\n<strong>Material:<\/strong> Sticl\u0103<br \/>\n<strong>Inscrip\u021bia pe pahar:<\/strong> autocolant. Este mai bine s\u0103 nu sp\u0103la\u021bi paharul \u00een ap\u0103 fierbinte, \u00een ma\u0219ina de sp\u0103lat vase sau s\u0103 nu freca\u021bi puternic.<\/p>\n<p><strong>Not\u0103:<\/strong> Nuanta culorii produsului poate diferi de cea prezentat\u0103 \u00een fotografie.<\/p>\n","protected":false},"excerpt":{"rendered":"<p>Volum: \u203c\ufe0f Material: Sticl\u0103 Inscrip\u021bia pe pahar: autocolant. Este mai bine s\u0103 nu sp\u0103la\u021bi paharul \u00een ap\u0103 fierbinte, \u00een ma\u0219ina de sp\u0103lat vase sau s\u0103 nu freca\u021bi puternic. Not\u0103: Nuanta culorii produsului poate diferi de cea prezentat\u0103 \u00een fotografie.<\/p>\n","protected":false},"featured_media":6975,"template":"","meta":{"_acf_changed":false},"product_brand":[],"product_cat":[877,240],"product_tag":[],"class_list":{"0":"post-6983","1":"product","2":"type-product","3":"status-publish","4":"has-post-thumbnail","6":"product_cat-pentru-vin","7":"product_cat-aksessuary-dlya-prazdnikov","9":"first","10":"instock","11":"shipping-taxable","12":"purchasable","13":"product-type-simple"},"acf":[],"aioseo_notices":[],"_links":{"self":[{"href":"https:\/\/ananas.md\/ro\/wp-json\/wp\/v2\/product\/6983","targetHints":{"allow":["GET"]}}],"collection":[{"href":"https:\/\/ananas.md\/ro\/wp-json\/wp\/v2\/product"}],"about":[{"href":"https:\/\/ananas.md\/ro\/wp-json\/wp\/v2\/types\/product"}],"wp:featuredmedia":[{"embeddable":true,"href":"https:\/\/ananas.md\/ro\/wp-json\/wp\/v2\/media\/6975"}],"wp:attachment":[{"href":"https:\/\/ananas.md\/ro\/wp-json\/wp\/v2\/media?parent=6983"}],"wp:term":[{"taxonomy":"product_brand","embeddable":true,"href":"https:\/\/ananas.md\/ro\/wp-json\/wp\/v2\/product_brand?post=6983"},{"taxonomy":"product_cat","embeddable":true,"href":"https:\/\/ananas.md\/ro\/wp-json\/wp\/v2\/product_cat?post=6983"},{"taxonomy":"product_tag","embeddable":true,"href":"https:\/\/ananas.md\/ro\/wp-json\/wp\/v2\/product_tag?post=6983"}],"curies":[{"name":"wp","href":"https:\/\/api.w.org\/{rel}","templated":true}]}}