{"id":7189,"date":"2024-11-02T13:51:40","date_gmt":"2024-11-02T11:51:40","guid":{"rendered":"https:\/\/ananas.md\/?post_type=product&#038;p=7189"},"modified":"2024-11-02T13:52:03","modified_gmt":"2024-11-02T11:52:03","slug":"sampanie-cu-design-5","status":"publish","type":"product","link":"https:\/\/ananas.md\/ro\/gift\/sampanie-cu-design-5\/","title":{"rendered":"\u0218ampanie cu design"},"content":{"rendered":"<div class=\"flex max-w-full flex-col flex-grow\">\n<div class=\"min-h-8 text-message flex w-full flex-col items-end gap-2 whitespace-normal break-words [.text-message+&amp;]:mt-5\" dir=\"auto\" data-message-author-role=\"assistant\" data-message-id=\"d16bf746-6fe6-49b3-a6e8-95adc7cc71ae\" data-message-model-slug=\"gpt-4o-mini\">\n<div class=\"flex w-full flex-col gap-1 empty:hidden first:pt-[3px]\">\n<div class=\"markdown prose w-full break-words dark:prose-invert dark\">\n<p>Volum: 0.75 ml<br \/>\n\u0218ampanie: Vin spumant Maurt, Bacio di Bolle white moscato<\/p>\n<p>Not\u0103: Nuanta culorii produsului poate diferi fa\u021b\u0103 de cea prezentat\u0103 \u00een fotografie<\/p>\n<\/div>\n<\/div>\n<\/div>\n<\/div>\n","protected":false},"excerpt":{"rendered":"<p>Volum: 0.75 ml \u0218ampanie: Vin spumant Maurt, Bacio di Bolle white moscato Not\u0103: Nuanta culorii produsului poate diferi fa\u021b\u0103 de cea prezentat\u0103 \u00een fotografie<\/p>\n","protected":false},"featured_media":7170,"template":"","meta":{"_acf_changed":false},"product_brand":[],"product_cat":[240],"product_tag":[],"class_list":{"0":"post-7189","1":"product","2":"type-product","3":"status-publish","4":"has-post-thumbnail","6":"product_cat-aksessuary-dlya-prazdnikov","8":"first","9":"instock","10":"shipping-taxable","11":"purchasable","12":"product-type-simple"},"acf":[],"aioseo_notices":[],"_links":{"self":[{"href":"https:\/\/ananas.md\/ro\/wp-json\/wp\/v2\/product\/7189","targetHints":{"allow":["GET"]}}],"collection":[{"href":"https:\/\/ananas.md\/ro\/wp-json\/wp\/v2\/product"}],"about":[{"href":"https:\/\/ananas.md\/ro\/wp-json\/wp\/v2\/types\/product"}],"wp:featuredmedia":[{"embeddable":true,"href":"https:\/\/ananas.md\/ro\/wp-json\/wp\/v2\/media\/7170"}],"wp:attachment":[{"href":"https:\/\/ananas.md\/ro\/wp-json\/wp\/v2\/media?parent=7189"}],"wp:term":[{"taxonomy":"product_brand","embeddable":true,"href":"https:\/\/ananas.md\/ro\/wp-json\/wp\/v2\/product_brand?post=7189"},{"taxonomy":"product_cat","embeddable":true,"href":"https:\/\/ananas.md\/ro\/wp-json\/wp\/v2\/product_cat?post=7189"},{"taxonomy":"product_tag","embeddable":true,"href":"https:\/\/ananas.md\/ro\/wp-json\/wp\/v2\/product_tag?post=7189"}],"curies":[{"name":"wp","href":"https:\/\/api.w.org\/{rel}","templated":true}]}}