{"id":7402,"date":"2024-11-27T15:21:12","date_gmt":"2024-11-27T13:21:12","guid":{"rendered":"https:\/\/ananas.md\/?post_type=product&#038;p=7402"},"modified":"2025-05-08T15:29:37","modified_gmt":"2025-05-08T12:29:37","slug":"cake-cmg-259-01","status":"publish","type":"product","link":"https:\/\/ananas.md\/ro\/gift\/cake-cmg-259-01\/","title":{"rendered":"Cake cmg 259-01"},"content":{"rendered":"<p>Trageri: 259<\/p>\n<p>La utilizarea artificiilor, lansa\u021bi-le \u00eentr-un loc deschis, departe de oameni \u0219i obiecte inflamabile, respecta\u021bi distan\u021ba de siguran\u021b\u0103 \u0219i folosi\u021bi ochelari de protec\u021bie \u0219i m\u0103nu\u0219i. Nu \u021bine\u021bi artificiile \u00een m\u00e2ini, nu v\u0103 apleca\u021bi peste ele \u0219i nu v\u0103 apropia\u021bi de dispozitivele care nu func\u021bioneaz\u0103.<\/p>\n","protected":false},"excerpt":{"rendered":"<p>Trageri: 259 La utilizarea artificiilor, lansa\u021bi-le \u00eentr-un loc deschis, departe de oameni \u0219i obiecte inflamabile, respecta\u021bi distan\u021ba de siguran\u021b\u0103 \u0219i folosi\u021bi ochelari de protec\u021bie \u0219i m\u0103nu\u0219i. Nu \u021bine\u021bi artificiile \u00een m\u00e2ini, nu v\u0103 apleca\u021bi peste ele \u0219i nu v\u0103 apropia\u021bi de dispozitivele care nu func\u021bioneaz\u0103.<\/p>\n","protected":false},"featured_media":7300,"template":"","meta":{"_acf_changed":false},"product_brand":[],"product_cat":[882,240],"product_tag":[],"class_list":{"0":"post-7402","1":"product","2":"type-product","3":"status-publish","4":"has-post-thumbnail","6":"product_cat-artificii","7":"product_cat-aksessuary-dlya-prazdnikov","9":"first","10":"instock","11":"shipping-taxable","12":"purchasable","13":"product-type-simple"},"acf":[],"aioseo_notices":[],"_links":{"self":[{"href":"https:\/\/ananas.md\/ro\/wp-json\/wp\/v2\/product\/7402","targetHints":{"allow":["GET"]}}],"collection":[{"href":"https:\/\/ananas.md\/ro\/wp-json\/wp\/v2\/product"}],"about":[{"href":"https:\/\/ananas.md\/ro\/wp-json\/wp\/v2\/types\/product"}],"wp:featuredmedia":[{"embeddable":true,"href":"https:\/\/ananas.md\/ro\/wp-json\/wp\/v2\/media\/7300"}],"wp:attachment":[{"href":"https:\/\/ananas.md\/ro\/wp-json\/wp\/v2\/media?parent=7402"}],"wp:term":[{"taxonomy":"product_brand","embeddable":true,"href":"https:\/\/ananas.md\/ro\/wp-json\/wp\/v2\/product_brand?post=7402"},{"taxonomy":"product_cat","embeddable":true,"href":"https:\/\/ananas.md\/ro\/wp-json\/wp\/v2\/product_cat?post=7402"},{"taxonomy":"product_tag","embeddable":true,"href":"https:\/\/ananas.md\/ro\/wp-json\/wp\/v2\/product_tag?post=7402"}],"curies":[{"name":"wp","href":"https:\/\/api.w.org\/{rel}","templated":true}]}}