{"id":7544,"date":"2024-12-15T13:14:44","date_gmt":"2024-12-15T11:14:44","guid":{"rendered":"https:\/\/ananas.md\/?post_type=product&#038;p=7544"},"modified":"2025-05-08T15:29:31","modified_gmt":"2025-05-08T12:29:31","slug":"the-squad","status":"publish","type":"product","link":"https:\/\/ananas.md\/ro\/gift\/the-squad\/","title":{"rendered":"THE SQUAD"},"content":{"rendered":"<p>Trageri: 170<\/p>\n<p>\u00cen\u0103l\u021bime: 30m<\/p>\n<p>Timp: 120sec<\/p>\n<p>Calibru: 20-25mm<\/p>\n<p>La utilizarea artificiilor, lansa\u021bi-le \u00eentr-un loc deschis, departe de oameni \u0219i obiecte inflamabile, respecta\u021bi distan\u021ba de siguran\u021b\u0103 \u0219i folosi\u021bi ochelari de protec\u021bie \u0219i m\u0103nu\u0219i. Nu \u021bine\u021bi artificiile \u00een m\u00e2ini, nu v\u0103 apleca\u021bi peste ele \u0219i nu v\u0103 apropia\u021bi de dispozitivele care nu func\u021bioneaz\u0103.<\/p>\n","protected":false},"excerpt":{"rendered":"<p>Trageri: 170 \u00cen\u0103l\u021bime: 30m Timp: 120sec Calibru: 20-25mm La utilizarea artificiilor, lansa\u021bi-le \u00eentr-un loc deschis, departe de oameni \u0219i obiecte inflamabile, respecta\u021bi distan\u021ba de siguran\u021b\u0103 \u0219i folosi\u021bi ochelari de protec\u021bie \u0219i m\u0103nu\u0219i. Nu \u021bine\u021bi artificiile \u00een m\u00e2ini, nu v\u0103 apleca\u021bi peste ele \u0219i nu v\u0103 apropia\u021bi de dispozitivele care nu func\u021bioneaz\u0103.<\/p>\n","protected":false},"featured_media":7545,"template":"","meta":{"_acf_changed":false},"product_brand":[],"product_cat":[882,240],"product_tag":[711,712,713,553],"class_list":{"0":"post-7544","1":"product","2":"type-product","3":"status-publish","4":"has-post-thumbnail","6":"product_cat-artificii","7":"product_cat-aksessuary-dlya-prazdnikov","8":"product_tag-artificii","9":"product_tag-enigma","10":"product_tag-maxsem","11":"product_tag-sarbatoare","13":"first","14":"instock","15":"shipping-taxable","16":"purchasable","17":"product-type-simple"},"acf":[],"aioseo_notices":[],"_links":{"self":[{"href":"https:\/\/ananas.md\/ro\/wp-json\/wp\/v2\/product\/7544","targetHints":{"allow":["GET"]}}],"collection":[{"href":"https:\/\/ananas.md\/ro\/wp-json\/wp\/v2\/product"}],"about":[{"href":"https:\/\/ananas.md\/ro\/wp-json\/wp\/v2\/types\/product"}],"wp:featuredmedia":[{"embeddable":true,"href":"https:\/\/ananas.md\/ro\/wp-json\/wp\/v2\/media\/7545"}],"wp:attachment":[{"href":"https:\/\/ananas.md\/ro\/wp-json\/wp\/v2\/media?parent=7544"}],"wp:term":[{"taxonomy":"product_brand","embeddable":true,"href":"https:\/\/ananas.md\/ro\/wp-json\/wp\/v2\/product_brand?post=7544"},{"taxonomy":"product_cat","embeddable":true,"href":"https:\/\/ananas.md\/ro\/wp-json\/wp\/v2\/product_cat?post=7544"},{"taxonomy":"product_tag","embeddable":true,"href":"https:\/\/ananas.md\/ro\/wp-json\/wp\/v2\/product_tag?post=7544"}],"curies":[{"name":"wp","href":"https:\/\/api.w.org\/{rel}","templated":true}]}}