{"id":8602,"date":"2025-06-17T17:11:35","date_gmt":"2025-06-17T14:11:35","guid":{"rendered":"https:\/\/ananas.md\/?post_type=product&#038;p=8602"},"modified":"2025-06-25T14:59:51","modified_gmt":"2025-06-25T11:59:51","slug":"pahar-de-coniac-cu-glume","status":"publish","type":"product","link":"https:\/\/ananas.md\/ro\/gift\/pahar-de-coniac-cu-glume\/","title":{"rendered":"Pahar de coniac cu glume"},"content":{"rendered":"<p>Acest pahar spectaculos pentru coniac cu o inscrip\u021bie expresiv\u0103 este un cadou original pentru cei care apreciaz\u0103 atmosfera de confort \u0219i momentele cu adev\u0103rat speciale.Este alegerea perfect\u0103 pentru a felicita pe cineva cu ocazia unei zile de na\u0219tere, anivers\u0103ri, s\u0103rb\u0103tori sau pur \u0219i simplu pentru a oferi un gest plin de aten\u021bie. Se integreaz\u0103 perfect \u00een orice decor \u0219i aduce mereu un z\u00e2mbet.<\/p>\n<p data-start=\"48\" data-end=\"268\"><strong data-start=\"48\" data-end=\"61\">Material:<\/strong> sticl\u0103<br data-start=\"68\" data-end=\"71\" \/><strong data-start=\"71\" data-end=\"83\">Detalii:<\/strong> inscrip\u021bia este aplicat\u0103 sub form\u0103 de autocolant.<br data-start=\"133\" data-end=\"136\" \/>Se recomand\u0103 s\u0103 evita\u021bi sp\u0103larea \u00een ap\u0103 fierbinte, \u00een ma\u0219ina de sp\u0103lat vase sau frecarea intens\u0103, pentru a p\u0103stra aspectul original.<\/p>\n<p data-start=\"270\" data-end=\"343\"><strong data-start=\"270\" data-end=\"279\">Not\u0103:<\/strong> nuan\u021ba produsului poate fi u\u0219or diferit\u0103 fa\u021b\u0103 de cea din fotografie.<\/p>\n","protected":false},"excerpt":{"rendered":"<p>Un pahar elegant de coniac cu \u00a0inscrip\u021bie \u2014 un suvenir memorabil \u0219i un accent cald pentru orice ocazie.<\/p>\n","protected":false},"featured_media":8594,"template":"","meta":{"_acf_changed":false},"product_brand":[],"product_cat":[878],"product_tag":[396,974,956],"class_list":{"0":"post-8602","1":"product","2":"type-product","3":"status-publish","4":"has-post-thumbnail","6":"product_cat-pentru-coniac","7":"product_tag-cadou","8":"product_tag-pahar-pentru-coniac","9":"product_tag-personalizare","11":"first","12":"instock","13":"shipping-taxable","14":"purchasable","15":"product-type-variable","16":"wvs-archive-product-wrapper"},"acf":[],"aioseo_notices":[],"_links":{"self":[{"href":"https:\/\/ananas.md\/ro\/wp-json\/wp\/v2\/product\/8602","targetHints":{"allow":["GET"]}}],"collection":[{"href":"https:\/\/ananas.md\/ro\/wp-json\/wp\/v2\/product"}],"about":[{"href":"https:\/\/ananas.md\/ro\/wp-json\/wp\/v2\/types\/product"}],"wp:featuredmedia":[{"embeddable":true,"href":"https:\/\/ananas.md\/ro\/wp-json\/wp\/v2\/media\/8594"}],"wp:attachment":[{"href":"https:\/\/ananas.md\/ro\/wp-json\/wp\/v2\/media?parent=8602"}],"wp:term":[{"taxonomy":"product_brand","embeddable":true,"href":"https:\/\/ananas.md\/ro\/wp-json\/wp\/v2\/product_brand?post=8602"},{"taxonomy":"product_cat","embeddable":true,"href":"https:\/\/ananas.md\/ro\/wp-json\/wp\/v2\/product_cat?post=8602"},{"taxonomy":"product_tag","embeddable":true,"href":"https:\/\/ananas.md\/ro\/wp-json\/wp\/v2\/product_tag?post=8602"}],"curies":[{"name":"wp","href":"https:\/\/api.w.org\/{rel}","templated":true}]}}