{"id":8644,"date":"2025-06-25T13:42:25","date_gmt":"2025-06-25T10:42:25","guid":{"rendered":"https:\/\/ananas.md\/?post_type=product&#038;p=8644"},"modified":"2025-06-25T13:42:25","modified_gmt":"2025-06-25T10:42:25","slug":"buchet-cu-balon-mare","status":"publish","type":"product","link":"https:\/\/ananas.md\/ro\/gift\/buchet-cu-balon-mare\/","title":{"rendered":"Buchet cu balon mare"},"content":{"rendered":"<p data-start=\"445\" data-end=\"633\">Externarea din maternitate este unul dintre cele mai luminoase \u0219i emo\u021bionante momente din via\u021ba unei familii. Sunt primele felicit\u0103ri, primele \u00eembr\u0103\u021bi\u0219\u0103ri \u0219i primele lacrimi de fericire.<\/p>\n<p data-start=\"635\" data-end=\"782\">Noi cre\u0103m decora\u021biuni festive din baloane pentru a sublinia importan\u021ba acestei zile \u0219i pentru a oferi mamei \u0219i micu\u021bei un val de emo\u021bii pozitive.<\/p>\n<p data-start=\"784\" data-end=\"990\">Nuan\u021be delicate, forme ginga\u0219e \u0219i o atmosfer\u0103 festiv\u0103 \u2013 exact ceea ce \u00ee\u021bi dore\u0219ti s\u0103 vezi \u00eentr-un astfel de moment. Baloanele vor deveni un accent colorat \u00een poze \u0219i un gest pl\u0103cut din partea celor dragi.<\/p>\n<p data-start=\"992\" data-end=\"1123\">Ofer\u0103 bucurie \u00een primele zile ale maternit\u0103\u021bii \u0219i transform\u0103 \u00eent\u00e2mpinarea micii tale prin\u021bese \u00eentr-o amintire cu adev\u0103rat special\u0103!<\/p>\n","protected":false},"excerpt":{"rendered":"<p>Baloane pentru \u00eent\u00e2mpinarea feti\u021bei la externarea din maternitate \u2013 o modalitate delicat\u0103 \u0219i emo\u021bionant\u0103 de a felicita mama \u0219i micu\u021ba pentru acest moment special. O decorare care aduce bucurie, emo\u021bii \u0219i transform\u0103 ziua \u00eentr-una cu adev\u0103rat de neuitat.<\/p>\n","protected":false},"featured_media":8633,"template":"","meta":{"_acf_changed":false},"product_brand":[],"product_cat":[871],"product_tag":[979,980,977,978],"class_list":{"0":"post-8644","1":"product","2":"type-product","3":"status-publish","4":"has-post-thumbnail","6":"product_cat-nou-nascut-fetita","7":"product_tag-fetita","8":"product_tag-intampinarea","9":"product_tag-maternitate","10":"product_tag-nou-nascut","12":"first","13":"instock","14":"shipping-taxable","15":"purchasable","16":"product-type-simple"},"acf":[],"aioseo_notices":[],"_links":{"self":[{"href":"https:\/\/ananas.md\/ro\/wp-json\/wp\/v2\/product\/8644","targetHints":{"allow":["GET"]}}],"collection":[{"href":"https:\/\/ananas.md\/ro\/wp-json\/wp\/v2\/product"}],"about":[{"href":"https:\/\/ananas.md\/ro\/wp-json\/wp\/v2\/types\/product"}],"wp:featuredmedia":[{"embeddable":true,"href":"https:\/\/ananas.md\/ro\/wp-json\/wp\/v2\/media\/8633"}],"wp:attachment":[{"href":"https:\/\/ananas.md\/ro\/wp-json\/wp\/v2\/media?parent=8644"}],"wp:term":[{"taxonomy":"product_brand","embeddable":true,"href":"https:\/\/ananas.md\/ro\/wp-json\/wp\/v2\/product_brand?post=8644"},{"taxonomy":"product_cat","embeddable":true,"href":"https:\/\/ananas.md\/ro\/wp-json\/wp\/v2\/product_cat?post=8644"},{"taxonomy":"product_tag","embeddable":true,"href":"https:\/\/ananas.md\/ro\/wp-json\/wp\/v2\/product_tag?post=8644"}],"curies":[{"name":"wp","href":"https:\/\/api.w.org\/{rel}","templated":true}]}}