{"id":8680,"date":"2025-06-25T14:03:02","date_gmt":"2025-06-25T11:03:02","guid":{"rendered":"https:\/\/ananas.md\/?post_type=product&#038;p=8680"},"modified":"2025-06-25T18:48:45","modified_gmt":"2025-06-25T15:48:45","slug":"felicitare-cu-glume","status":"publish","type":"product","link":"https:\/\/ananas.md\/ro\/gift\/felicitare-cu-glume\/","title":{"rendered":"Felicitare cu glume"},"content":{"rendered":"<p data-start=\"447\" data-end=\"699\">\u00centr-o lume a mesajelor digitale, felicitarea r\u0103m\u00e2ne un simbol autentic al aten\u021biei \u0219i grijii fa\u021b\u0103 de cei dragi. Ea te ajut\u0103 s\u0103 exprimi emo\u021bii pe care uneori e greu s\u0103 le spui \u00een cuvinte: iubire, recuno\u0219tin\u021b\u0103, bucurie sau pur \u0219i simplu o urare cald\u0103.<\/p>\n<p data-start=\"888\" data-end=\"1043\">Designul colorat \u0219i textura pl\u0103cut\u0103 a h\u00e2rtiei fac din fiecare felicitare un detaliu special al cadoului t\u0103u.<\/p>\n","protected":false},"excerpt":{"rendered":"<p>O felicitare vesel\u0103 \u0219i stilat\u0103 este o modalitate simpl\u0103, dar foarte sincer\u0103, de a transmite ur\u0103ri, de a exprima sentimente sau pur \u0219i simplu de a aduce un z\u00e2mbet celor dragi. Completeaz\u0103 cadoul t\u0103u sau ofer\u0103 un gest frumos de aten\u021bie.<\/p>\n","protected":false},"featured_media":8658,"template":"","meta":{"_acf_changed":false},"product_brand":[],"product_cat":[920],"product_tag":[396,984,985],"class_list":{"0":"post-8680","1":"product","2":"type-product","3":"status-publish","4":"has-post-thumbnail","6":"product_cat-felicitari","7":"product_tag-cadou","8":"product_tag-felicitare","9":"product_tag-gest-de-atentie","11":"first","12":"instock","13":"shipping-taxable","14":"purchasable","15":"product-type-variable","16":"wvs-archive-product-wrapper"},"acf":[],"aioseo_notices":[],"_links":{"self":[{"href":"https:\/\/ananas.md\/ro\/wp-json\/wp\/v2\/product\/8680","targetHints":{"allow":["GET"]}}],"collection":[{"href":"https:\/\/ananas.md\/ro\/wp-json\/wp\/v2\/product"}],"about":[{"href":"https:\/\/ananas.md\/ro\/wp-json\/wp\/v2\/types\/product"}],"wp:featuredmedia":[{"embeddable":true,"href":"https:\/\/ananas.md\/ro\/wp-json\/wp\/v2\/media\/8658"}],"wp:attachment":[{"href":"https:\/\/ananas.md\/ro\/wp-json\/wp\/v2\/media?parent=8680"}],"wp:term":[{"taxonomy":"product_brand","embeddable":true,"href":"https:\/\/ananas.md\/ro\/wp-json\/wp\/v2\/product_brand?post=8680"},{"taxonomy":"product_cat","embeddable":true,"href":"https:\/\/ananas.md\/ro\/wp-json\/wp\/v2\/product_cat?post=8680"},{"taxonomy":"product_tag","embeddable":true,"href":"https:\/\/ananas.md\/ro\/wp-json\/wp\/v2\/product_tag?post=8680"}],"curies":[{"name":"wp","href":"https:\/\/api.w.org\/{rel}","templated":true}]}}