{"id":8836,"date":"2025-06-27T14:42:05","date_gmt":"2025-06-27T11:42:05","guid":{"rendered":"https:\/\/ananas.md\/?post_type=product&#038;p=8836"},"modified":"2025-06-27T15:02:20","modified_gmt":"2025-06-27T12:02:20","slug":"farfurie-cu-design-2","status":"publish","type":"product","link":"https:\/\/ananas.md\/ro\/gift\/farfurie-cu-design-2\/","title":{"rendered":"Farfurie cu design"},"content":{"rendered":"<p data-start=\"37\" data-end=\"494\">Ad\u0103uga\u021bi culoare \u0219i bun\u0103 dispozi\u021bie s\u0103rb\u0103torii dumneavoastr\u0103 cu ajutorul farfuriilor noastre de unic\u0103 folosin\u021b\u0103 cu imprimeuri variate! Acestea nu sunt doar o solu\u021bie practic\u0103 pentru aranjarea mesei, ci \u0219i un element decorativ stilat care va sublinia tema evenimentului dumneavoastr\u0103. Fie c\u0103 s\u0103rb\u0103tori\u021bi o zi de na\u0219tere, o petrecere pentru copii, un picnic sau orice alt\u0103 ocazie special\u0103 \u2013 aceste farfurii vor aduce mai mult\u0103 veselie \u0219i un plus de atmosfer\u0103.<\/p>\n<p data-start=\"496\" data-end=\"590\">Confec\u021bionate din carton rezistent, sigur pentru alimente \u0219i u\u0219or de aruncat dup\u0103 utilizare.<\/p>\n<p data-start=\"592\" data-end=\"641\"><strong data-start=\"592\" data-end=\"607\">Dimensiune:<\/strong>\u00a023 cm.<br data-start=\"614\" data-end=\"617\" \/><strong data-start=\"617\" data-end=\"631\">\u00cen pachet:<\/strong>\u00a010 buc\u0103\u021bi.<\/p>\n","protected":false},"excerpt":{"rendered":"<p>Farfurii colorate cu imprimeuri festive \u2013 alegerea ideal\u0103 pentru decorul oric\u0103rui eveniment! Perfecte pentru zile de na\u0219tere, petreceri tematice sau s\u0103rb\u0103tori pentru copii.<\/p>\n","protected":false},"featured_media":8795,"template":"","meta":{"_acf_changed":false},"product_brand":[],"product_cat":[898],"product_tag":[401,1001,441,298],"class_list":{"0":"post-8836","1":"product","2":"type-product","3":"status-publish","4":"has-post-thumbnail","6":"product_cat-farfurii","7":"product_tag-decor","8":"product_tag-farfurie","9":"product_tag-placa","10":"product_tag-tarelka","12":"first","13":"instock","14":"shipping-taxable","15":"purchasable","16":"product-type-variable","17":"wvs-archive-product-wrapper"},"acf":[],"aioseo_notices":[],"_links":{"self":[{"href":"https:\/\/ananas.md\/ro\/wp-json\/wp\/v2\/product\/8836","targetHints":{"allow":["GET"]}}],"collection":[{"href":"https:\/\/ananas.md\/ro\/wp-json\/wp\/v2\/product"}],"about":[{"href":"https:\/\/ananas.md\/ro\/wp-json\/wp\/v2\/types\/product"}],"wp:featuredmedia":[{"embeddable":true,"href":"https:\/\/ananas.md\/ro\/wp-json\/wp\/v2\/media\/8795"}],"wp:attachment":[{"href":"https:\/\/ananas.md\/ro\/wp-json\/wp\/v2\/media?parent=8836"}],"wp:term":[{"taxonomy":"product_brand","embeddable":true,"href":"https:\/\/ananas.md\/ro\/wp-json\/wp\/v2\/product_brand?post=8836"},{"taxonomy":"product_cat","embeddable":true,"href":"https:\/\/ananas.md\/ro\/wp-json\/wp\/v2\/product_cat?post=8836"},{"taxonomy":"product_tag","embeddable":true,"href":"https:\/\/ananas.md\/ro\/wp-json\/wp\/v2\/product_tag?post=8836"}],"curies":[{"name":"wp","href":"https:\/\/api.w.org\/{rel}","templated":true}]}}